{"id":1900,"date":"2025-06-11T02:18:59","date_gmt":"2025-06-11T00:18:59","guid":{"rendered":"https:\/\/auralisliving.com\/contacta-con-nosotras\/"},"modified":"2026-02-19T10:46:34","modified_gmt":"2026-02-19T09:46:34","slug":"contactanos","status":"publish","type":"page","link":"https:\/\/auralisliving.com\/es\/contactanos\/","title":{"rendered":"Contacto"},"content":{"rendered":"\t\t<div data-elementor-type=\"wp-page\" data-elementor-id=\"1900\" class=\"elementor elementor-1900 elementor-457\" data-elementor-post-type=\"page\">\n\t\t\t\t\t\t<section class=\"elementor-section elementor-top-section elementor-element elementor-element-f0f7d60 elementor-section-boxed elementor-section-height-default elementor-section-height-default\" data-id=\"f0f7d60\" data-element_type=\"section\" data-e-type=\"section\">\n\t\t\t\t\t\t<div class=\"elementor-container elementor-column-gap-default\">\n\t\t\t\t\t<div class=\"elementor-column elementor-col-100 elementor-top-column elementor-element elementor-element-156095d\" data-id=\"156095d\" data-element_type=\"column\" data-e-type=\"column\">\n\t\t\t<div class=\"elementor-widget-wrap elementor-element-populated\">\n\t\t\t\t\t\t<div class=\"elementor-element elementor-element-6c7c778 elementor-widget elementor-widget-heading\" data-id=\"6c7c778\" data-element_type=\"widget\" data-e-type=\"widget\" data-widget_type=\"heading.default\">\n\t\t\t\t<div class=\"elementor-widget-container\">\n\t\t\t\t\t<h2 class=\"elementor-heading-title elementor-size-default\">Contacto<\/h2>\t\t\t\t<\/div>\n\t\t\t\t<\/div>\n\t\t\t\t<div class=\"elementor-element elementor-element-0ab046f elementor-widget elementor-widget-text-editor\" data-id=\"0ab046f\" data-element_type=\"widget\" data-e-type=\"widget\" data-widget_type=\"text-editor.default\">\n\t\t\t\t<div class=\"elementor-widget-container\">\n\t\t\t\t\t\t\t\t\t<p style=\"text-align: left;\">\u00bfTiene alguna pregunta o desea m\u00e1s informaci\u00f3n sobre los productos de Auralis Living? Complete el formulario de contacto a continuaci\u00f3n o utilice el bot\u00f3n de WhatsApp que encontrar\u00e1 en la parte inferior de la pantalla. Uno de nuestros asesores estar\u00e1 encantado de ayudarle.<\/p>\t\t\t\t\t\t\t\t<\/div>\n\t\t\t\t<\/div>\n\t\t\t\t<div class=\"elementor-element elementor-element-859beb5 elementor-button-align-start elementor-widget elementor-widget-form\" data-id=\"859beb5\" data-element_type=\"widget\" data-e-type=\"widget\" data-settings=\"{&quot;step_next_label&quot;:&quot;Siguiente&quot;,&quot;step_previous_label&quot;:&quot;Anterior&quot;,&quot;button_width&quot;:&quot;100&quot;,&quot;step_type&quot;:&quot;number_text&quot;,&quot;step_icon_shape&quot;:&quot;circle&quot;}\" data-widget_type=\"form.default\">\n\t\t\t\t<div class=\"elementor-widget-container\">\n\t\t\t\t\t\t\t<form class=\"elementor-form\" method=\"post\" name=\"Nuevo formulario\" aria-label=\"Nuevo formulario\">\n\t\t\t<input type=\"hidden\" name=\"post_id\" value=\"1900\"\/>\n\t\t\t<input type=\"hidden\" name=\"form_id\" value=\"859beb5\"\/>\n\t\t\t<input type=\"hidden\" name=\"referer_title\" value=\"Auralis Living\" \/>\n\n\t\t\t\n\t\t\t<div class=\"elementor-form-fields-wrapper elementor-labels-above\">\n\t\t\t\t\t\t\t\t<div class=\"elementor-field-type-text elementor-field-group elementor-column elementor-field-group-name elementor-col-100 elementor-field-required elementor-mark-required\">\n\t\t\t\t\t\t\t\t\t\t\t\t<label for=\"form-field-name\" class=\"elementor-field-label\">\n\t\t\t\t\t\t\t\tNombre\t\t\t\t\t\t\t<\/label>\n\t\t\t\t\t\t\t\t\t\t\t\t\t\t<input size=\"1\" type=\"text\" name=\"form_fields[name]\" id=\"form-field-name\" class=\"elementor-field elementor-size-sm  elementor-field-textual\" required=\"required\">\n\t\t\t\t\t\t\t\t\t\t\t<\/div>\n\t\t\t\t\t\t\t\t<div class=\"elementor-field-type-email elementor-field-group elementor-column elementor-field-group-email elementor-col-100 elementor-field-required elementor-mark-required\">\n\t\t\t\t\t\t\t\t\t\t\t\t<label for=\"form-field-email\" class=\"elementor-field-label\">\n\t\t\t\t\t\t\t\tDirecci\u00f3n de correo electr\u00f3nico\t\t\t\t\t\t\t<\/label>\n\t\t\t\t\t\t\t\t\t\t\t\t\t\t<input size=\"1\" type=\"email\" name=\"form_fields[email]\" id=\"form-field-email\" class=\"elementor-field elementor-size-sm  elementor-field-textual\" required=\"required\">\n\t\t\t\t\t\t\t\t\t\t\t<\/div>\n\t\t\t\t\t\t\t\t<div class=\"elementor-field-type-text elementor-field-group elementor-column elementor-field-group-field_93c4904 elementor-col-100\">\n\t\t\t\t\t\t\t\t\t\t\t\t<label for=\"form-field-field_93c4904\" class=\"elementor-field-label\">\n\t\t\t\t\t\t\t\tPa\u00eds\t\t\t\t\t\t\t<\/label>\n\t\t\t\t\t\t\t\t\t\t\t\t\t\t<input size=\"1\" type=\"text\" name=\"form_fields[field_93c4904]\" id=\"form-field-field_93c4904\" class=\"elementor-field elementor-size-sm  elementor-field-textual\">\n\t\t\t\t\t\t\t\t\t\t\t<\/div>\n\t\t\t\t\t\t\t\t<div class=\"elementor-field-type-textarea elementor-field-group elementor-column elementor-field-group-message elementor-col-100 elementor-field-required elementor-mark-required\">\n\t\t\t\t\t\t\t\t\t\t\t\t<label for=\"form-field-message\" class=\"elementor-field-label\">\n\t\t\t\t\t\t\t\t\u00bfEn qu\u00e9 podemos ayudarle?\t\t\t\t\t\t\t<\/label>\n\t\t\t\t\t\t<textarea class=\"elementor-field-textual elementor-field  elementor-size-sm\" name=\"form_fields[message]\" id=\"form-field-message\" rows=\"4\" required=\"required\"><\/textarea>\t\t\t\t<\/div>\n\t\t\t\t\t\t\t\t<div class=\"elementor-field-group elementor-column elementor-field-type-submit elementor-col-100 e-form__buttons\">\n\t\t\t\t\t<button class=\"elementor-button elementor-size-sm\" type=\"submit\">\n\t\t\t\t\t\t<span class=\"elementor-button-content-wrapper\">\n\t\t\t\t\t\t\t\t\t\t\t\t\t\t\t\t\t\t\t\t\t\t<span class=\"elementor-button-text\">Enviar<\/span>\n\t\t\t\t\t\t\t\t\t\t\t\t\t<\/span>\n\t\t\t\t\t<\/button>\n\t\t\t\t<\/div>\n\t\t\t<\/div>\n\t\t<\/form>\n\t\t\t\t\t\t<\/div>\n\t\t\t\t<\/div>\n\t\t\t\t\t<\/div>\n\t\t<\/div>\n\t\t\t\t\t<\/div>\n\t\t<\/section>\n\t\t\t\t<section class=\"elementor-section elementor-top-section elementor-element elementor-element-4aa2925 elementor-section-boxed elementor-section-height-default elementor-section-height-default\" data-id=\"4aa2925\" data-element_type=\"section\" data-e-type=\"section\">\n\t\t\t\t\t\t<div class=\"elementor-container elementor-column-gap-default\">\n\t\t\t\t\t<div class=\"elementor-column elementor-col-50 elementor-top-column elementor-element elementor-element-2c0a36c\" data-id=\"2c0a36c\" data-element_type=\"column\" data-e-type=\"column\">\n\t\t\t<div class=\"elementor-widget-wrap elementor-element-populated\">\n\t\t\t\t\t\t<div class=\"elementor-element elementor-element-a4e1b16 elementor-widget elementor-widget-image\" data-id=\"a4e1b16\" data-element_type=\"widget\" data-e-type=\"widget\" data-widget_type=\"image.default\">\n\t\t\t\t<div class=\"elementor-widget-container\">\n\t\t\t\t\t\t\t\t\t\t\t\t\t\t\t<img fetchpriority=\"high\" decoding=\"async\" width=\"1024\" height=\"683\" src=\"https:\/\/auralisliving.com\/wp-content\/uploads\/2026\/01\/AL-I-Gardentub-terracotta-13-1-1024x683.jpg\" class=\"attachment-large size-large wp-image-4444\" alt=\"Ba\u00f1era de terracota con ni\u00f1os jugando\" srcset=\"https:\/\/auralisliving.com\/wp-content\/uploads\/2026\/01\/AL-I-Gardentub-terracotta-13-1-1024x683.jpg 1024w, https:\/\/auralisliving.com\/wp-content\/uploads\/2026\/01\/AL-I-Gardentub-terracotta-13-1-scaled-600x400.jpg 600w, https:\/\/auralisliving.com\/wp-content\/uploads\/2026\/01\/AL-I-Gardentub-terracotta-13-1-300x200.jpg 300w, https:\/\/auralisliving.com\/wp-content\/uploads\/2026\/01\/AL-I-Gardentub-terracotta-13-1-768x512.jpg 768w, https:\/\/auralisliving.com\/wp-content\/uploads\/2026\/01\/AL-I-Gardentub-terracotta-13-1-1536x1024.jpg 1536w, https:\/\/auralisliving.com\/wp-content\/uploads\/2026\/01\/AL-I-Gardentub-terracotta-13-1-2048x1366.jpg 2048w\" sizes=\"(max-width: 1024px) 100vw, 1024px\" \/>\t\t\t\t\t\t\t\t\t\t\t\t\t\t\t<\/div>\n\t\t\t\t<\/div>\n\t\t\t\t\t<\/div>\n\t\t<\/div>\n\t\t\t\t<div class=\"elementor-column elementor-col-50 elementor-top-column elementor-element elementor-element-2c075eb\" data-id=\"2c075eb\" data-element_type=\"column\" data-e-type=\"column\">\n\t\t\t<div class=\"elementor-widget-wrap elementor-element-populated\">\n\t\t\t\t\t\t<div class=\"elementor-element elementor-element-5ae4085 elementor-widget elementor-widget-image\" data-id=\"5ae4085\" data-element_type=\"widget\" data-e-type=\"widget\" data-widget_type=\"image.default\">\n\t\t\t\t<div class=\"elementor-widget-container\">\n\t\t\t\t\t\t\t\t\t\t\t\t\t\t\t<img decoding=\"async\" width=\"1024\" height=\"683\" src=\"https:\/\/auralisliving.com\/wp-content\/uploads\/2026\/01\/AL-I-Gardentub-white-4-1-1024x683.jpg\" class=\"attachment-large size-large wp-image-4445\" alt=\"Ba\u00f1era blanca Gardentub con coj\u00edn Gardentub en la playa\" srcset=\"https:\/\/auralisliving.com\/wp-content\/uploads\/2026\/01\/AL-I-Gardentub-white-4-1-1024x683.jpg 1024w, https:\/\/auralisliving.com\/wp-content\/uploads\/2026\/01\/AL-I-Gardentub-white-4-1-scaled-600x400.jpg 600w, https:\/\/auralisliving.com\/wp-content\/uploads\/2026\/01\/AL-I-Gardentub-white-4-1-300x200.jpg 300w, https:\/\/auralisliving.com\/wp-content\/uploads\/2026\/01\/AL-I-Gardentub-white-4-1-768x512.jpg 768w, https:\/\/auralisliving.com\/wp-content\/uploads\/2026\/01\/AL-I-Gardentub-white-4-1-1536x1024.jpg 1536w, https:\/\/auralisliving.com\/wp-content\/uploads\/2026\/01\/AL-I-Gardentub-white-4-1-2048x1366.jpg 2048w\" sizes=\"(max-width: 1024px) 100vw, 1024px\" \/>\t\t\t\t\t\t\t\t\t\t\t\t\t\t\t<\/div>\n\t\t\t\t<\/div>\n\t\t\t\t\t<\/div>\n\t\t<\/div>\n\t\t\t\t\t<\/div>\n\t\t<\/section>\n\t\t\t\t<section class=\"elementor-section elementor-top-section elementor-element elementor-element-d207700 elementor-section-boxed elementor-section-height-default elementor-section-height-default\" data-id=\"d207700\" data-element_type=\"section\" data-e-type=\"section\">\n\t\t\t\t\t\t<div class=\"elementor-container elementor-column-gap-default\">\n\t\t\t\t\t<div class=\"elementor-column elementor-col-50 elementor-top-column elementor-element elementor-element-d943401\" data-id=\"d943401\" data-element_type=\"column\" data-e-type=\"column\">\n\t\t\t<div class=\"elementor-widget-wrap elementor-element-populated\">\n\t\t\t\t\t\t<div class=\"elementor-element elementor-element-7d9004b elementor-widget elementor-widget-text-editor\" data-id=\"7d9004b\" data-element_type=\"widget\" data-e-type=\"widget\" data-widget_type=\"text-editor.default\">\n\t\t\t\t<div class=\"elementor-widget-container\">\n\t\t\t\t\t\t\t\t\t<p>Partida Cap-Blanch 43<br \/>03590, Altea \u2013 Spain<\/p><p>P: (+34) 6 28 21 46 53<\/p><p>E: info@auralisliving.com<\/p><p>W: www.auralisliving.com<\/p>\t\t\t\t\t\t\t\t<\/div>\n\t\t\t\t<\/div>\n\t\t\t\t\t<\/div>\n\t\t<\/div>\n\t\t\t\t<div class=\"elementor-column elementor-col-50 elementor-top-column elementor-element elementor-element-a2a7157\" data-id=\"a2a7157\" data-element_type=\"column\" data-e-type=\"column\">\n\t\t\t<div class=\"elementor-widget-wrap elementor-element-populated\">\n\t\t\t\t\t\t<div class=\"elementor-element elementor-element-7e12ead elementor-widget elementor-widget-google_maps\" data-id=\"7e12ead\" data-element_type=\"widget\" data-e-type=\"widget\" data-widget_type=\"google_maps.default\">\n\t\t\t\t<div class=\"elementor-widget-container\">\n\t\t\t\t\t\t\t<div class=\"elementor-custom-embed\">\n\t\t\t<iframe loading=\"lazy\"\n\t\t\t\t\tsrc=\"https:\/\/maps.google.com\/maps?q=Partida%20Cap-Blanch%2043%2003590%2C%20Altea%20&#038;t=m&#038;z=10&#038;output=embed&#038;iwloc=near\"\n\t\t\t\t\ttitle=\"Partida Cap-Blanch 43 03590, Altea \"\n\t\t\t\t\taria-label=\"Partida Cap-Blanch 43 03590, Altea \"\n\t\t\t><\/iframe>\n\t\t<\/div>\n\t\t\t\t\t\t<\/div>\n\t\t\t\t<\/div>\n\t\t\t\t\t<\/div>\n\t\t<\/div>\n\t\t\t\t\t<\/div>\n\t\t<\/section>\n\t\t\t\t<section class=\"elementor-section elementor-top-section elementor-element elementor-element-b58e4eb elementor-section-boxed elementor-section-height-default elementor-section-height-default\" data-id=\"b58e4eb\" data-element_type=\"section\" data-e-type=\"section\">\n\t\t\t\t\t\t<div class=\"elementor-container elementor-column-gap-default\">\n\t\t\t\t\t<div class=\"elementor-column elementor-col-100 elementor-top-column elementor-element elementor-element-0f72705\" data-id=\"0f72705\" data-element_type=\"column\" data-e-type=\"column\">\n\t\t\t<div class=\"elementor-widget-wrap elementor-element-populated\">\n\t\t\t\t\t\t<div class=\"elementor-element elementor-element-43479a2 elementor-widget elementor-widget-spacer\" data-id=\"43479a2\" data-element_type=\"widget\" data-e-type=\"widget\" data-widget_type=\"spacer.default\">\n\t\t\t\t<div class=\"elementor-widget-container\">\n\t\t\t\t\t\t\t<div class=\"elementor-spacer\">\n\t\t\t<div class=\"elementor-spacer-inner\"><\/div>\n\t\t<\/div>\n\t\t\t\t\t\t<\/div>\n\t\t\t\t<\/div>\n\t\t\t\t\t<\/div>\n\t\t<\/div>\n\t\t\t\t\t<\/div>\n\t\t<\/section>\n\t\t\t\t<\/div>\n\t\t","protected":false},"excerpt":{"rendered":"<p>Contacto \u00bfTiene alguna pregunta o desea m\u00e1s informaci\u00f3n sobre los productos de Auralis Living? Complete el formulario de contacto a&#8230;<\/p>\n","protected":false},"author":1,"featured_media":0,"parent":0,"menu_order":0,"comment_status":"closed","ping_status":"closed","template":"","meta":{"footnotes":""},"class_list":["post-1900","page","type-page","status-publish","hentry"],"yoast_head":"<!-- This site is optimized with the Yoast SEO plugin v27.4 - https:\/\/yoast.com\/product\/yoast-seo-wordpress\/ -->\n<title>Contacto - Auralis Living<\/title>\n<meta name=\"robots\" content=\"index, follow, max-snippet:-1, max-image-preview:large, max-video-preview:-1\" \/>\n<link rel=\"canonical\" href=\"https:\/\/auralisliving.com\/es\/contactanos\/\" \/>\n<meta property=\"og:locale\" content=\"es_ES\" \/>\n<meta property=\"og:type\" content=\"article\" \/>\n<meta property=\"og:title\" content=\"Contacto - Auralis Living\" \/>\n<meta property=\"og:description\" content=\"Contacto \u00bfTiene alguna pregunta o desea m\u00e1s informaci\u00f3n sobre los productos de Auralis Living? Complete el formulario de contacto a...\" \/>\n<meta property=\"og:url\" content=\"https:\/\/auralisliving.com\/es\/contactanos\/\" \/>\n<meta property=\"og:site_name\" content=\"Auralis Living\" \/>\n<meta property=\"article:modified_time\" content=\"2026-02-19T09:46:34+00:00\" \/>\n<meta property=\"og:image\" content=\"https:\/\/auralisliving.com\/wp-content\/uploads\/2026\/01\/AL-I-Gardentub-terracotta-13-1-scaled.jpg\" \/>\n\t<meta property=\"og:image:width\" content=\"2560\" \/>\n\t<meta property=\"og:image:height\" content=\"1707\" \/>\n\t<meta property=\"og:image:type\" content=\"image\/jpeg\" \/>\n<meta name=\"twitter:card\" content=\"summary_large_image\" \/>\n<meta name=\"twitter:label1\" content=\"Tiempo de lectura\" \/>\n\t<meta name=\"twitter:data1\" content=\"1 minuto\" \/>\n<script type=\"application\/ld+json\" class=\"yoast-schema-graph\">{\"@context\":\"https:\\\/\\\/schema.org\",\"@graph\":[{\"@type\":\"WebPage\",\"@id\":\"https:\\\/\\\/auralisliving.com\\\/es\\\/contactanos\\\/\",\"url\":\"https:\\\/\\\/auralisliving.com\\\/es\\\/contactanos\\\/\",\"name\":\"Contacto - Auralis Living\",\"isPartOf\":{\"@id\":\"https:\\\/\\\/auralisliving.com\\\/es\\\/#website\"},\"primaryImageOfPage\":{\"@id\":\"https:\\\/\\\/auralisliving.com\\\/es\\\/contactanos\\\/#primaryimage\"},\"image\":{\"@id\":\"https:\\\/\\\/auralisliving.com\\\/es\\\/contactanos\\\/#primaryimage\"},\"thumbnailUrl\":\"https:\\\/\\\/auralisliving.com\\\/wp-content\\\/uploads\\\/2026\\\/01\\\/AL-I-Gardentub-terracotta-13-1-1024x683.jpg\",\"datePublished\":\"2025-06-11T00:18:59+00:00\",\"dateModified\":\"2026-02-19T09:46:34+00:00\",\"breadcrumb\":{\"@id\":\"https:\\\/\\\/auralisliving.com\\\/es\\\/contactanos\\\/#breadcrumb\"},\"inLanguage\":\"es\",\"potentialAction\":[{\"@type\":\"ReadAction\",\"target\":[\"https:\\\/\\\/auralisliving.com\\\/es\\\/contactanos\\\/\"]}]},{\"@type\":\"ImageObject\",\"inLanguage\":\"es\",\"@id\":\"https:\\\/\\\/auralisliving.com\\\/es\\\/contactanos\\\/#primaryimage\",\"url\":\"https:\\\/\\\/auralisliving.com\\\/wp-content\\\/uploads\\\/2026\\\/01\\\/AL-I-Gardentub-terracotta-13-1-1024x683.jpg\",\"contentUrl\":\"https:\\\/\\\/auralisliving.com\\\/wp-content\\\/uploads\\\/2026\\\/01\\\/AL-I-Gardentub-terracotta-13-1-1024x683.jpg\"},{\"@type\":\"BreadcrumbList\",\"@id\":\"https:\\\/\\\/auralisliving.com\\\/es\\\/contactanos\\\/#breadcrumb\",\"itemListElement\":[{\"@type\":\"ListItem\",\"position\":1,\"name\":\"Home\",\"item\":\"https:\\\/\\\/auralisliving.com\\\/es\\\/\"},{\"@type\":\"ListItem\",\"position\":2,\"name\":\"Contacto\"}]},{\"@type\":\"WebSite\",\"@id\":\"https:\\\/\\\/auralisliving.com\\\/es\\\/#website\",\"url\":\"https:\\\/\\\/auralisliving.com\\\/es\\\/\",\"name\":\"Auralis Living\",\"description\":\"Your Gardentub supplier in Spain &amp; Portugal\",\"publisher\":{\"@id\":\"https:\\\/\\\/auralisliving.com\\\/es\\\/#organization\"},\"alternateName\":\"AL\",\"potentialAction\":[{\"@type\":\"SearchAction\",\"target\":{\"@type\":\"EntryPoint\",\"urlTemplate\":\"https:\\\/\\\/auralisliving.com\\\/es\\\/?s={search_term_string}\"},\"query-input\":{\"@type\":\"PropertyValueSpecification\",\"valueRequired\":true,\"valueName\":\"search_term_string\"}}],\"inLanguage\":\"es\"},{\"@type\":\"Organization\",\"@id\":\"https:\\\/\\\/auralisliving.com\\\/es\\\/#organization\",\"name\":\"Auralis Living\",\"url\":\"https:\\\/\\\/auralisliving.com\\\/es\\\/\",\"logo\":{\"@type\":\"ImageObject\",\"inLanguage\":\"es\",\"@id\":\"https:\\\/\\\/auralisliving.com\\\/es\\\/#\\\/schema\\\/logo\\\/image\\\/\",\"url\":\"https:\\\/\\\/auralisliving.com\\\/wp-content\\\/uploads\\\/2025\\\/06\\\/SM-LOGO-3.png\",\"contentUrl\":\"https:\\\/\\\/auralisliving.com\\\/wp-content\\\/uploads\\\/2025\\\/06\\\/SM-LOGO-3.png\",\"width\":1001,\"height\":1001,\"caption\":\"Auralis Living\"},\"image\":{\"@id\":\"https:\\\/\\\/auralisliving.com\\\/es\\\/#\\\/schema\\\/logo\\\/image\\\/\"}}]}<\/script>\n<!-- \/ Yoast SEO plugin. -->","yoast_head_json":{"title":"Contacto - Auralis Living","robots":{"index":"index","follow":"follow","max-snippet":"max-snippet:-1","max-image-preview":"max-image-preview:large","max-video-preview":"max-video-preview:-1"},"canonical":"https:\/\/auralisliving.com\/es\/contactanos\/","og_locale":"es_ES","og_type":"article","og_title":"Contacto - Auralis Living","og_description":"Contacto \u00bfTiene alguna pregunta o desea m\u00e1s informaci\u00f3n sobre los productos de Auralis Living? Complete el formulario de contacto a...","og_url":"https:\/\/auralisliving.com\/es\/contactanos\/","og_site_name":"Auralis Living","article_modified_time":"2026-02-19T09:46:34+00:00","og_image":[{"width":2560,"height":1707,"url":"https:\/\/auralisliving.com\/wp-content\/uploads\/2026\/01\/AL-I-Gardentub-terracotta-13-1-scaled.jpg","type":"image\/jpeg"}],"twitter_card":"summary_large_image","twitter_misc":{"Tiempo de lectura":"1 minuto"},"schema":{"@context":"https:\/\/schema.org","@graph":[{"@type":"WebPage","@id":"https:\/\/auralisliving.com\/es\/contactanos\/","url":"https:\/\/auralisliving.com\/es\/contactanos\/","name":"Contacto - Auralis Living","isPartOf":{"@id":"https:\/\/auralisliving.com\/es\/#website"},"primaryImageOfPage":{"@id":"https:\/\/auralisliving.com\/es\/contactanos\/#primaryimage"},"image":{"@id":"https:\/\/auralisliving.com\/es\/contactanos\/#primaryimage"},"thumbnailUrl":"https:\/\/auralisliving.com\/wp-content\/uploads\/2026\/01\/AL-I-Gardentub-terracotta-13-1-1024x683.jpg","datePublished":"2025-06-11T00:18:59+00:00","dateModified":"2026-02-19T09:46:34+00:00","breadcrumb":{"@id":"https:\/\/auralisliving.com\/es\/contactanos\/#breadcrumb"},"inLanguage":"es","potentialAction":[{"@type":"ReadAction","target":["https:\/\/auralisliving.com\/es\/contactanos\/"]}]},{"@type":"ImageObject","inLanguage":"es","@id":"https:\/\/auralisliving.com\/es\/contactanos\/#primaryimage","url":"https:\/\/auralisliving.com\/wp-content\/uploads\/2026\/01\/AL-I-Gardentub-terracotta-13-1-1024x683.jpg","contentUrl":"https:\/\/auralisliving.com\/wp-content\/uploads\/2026\/01\/AL-I-Gardentub-terracotta-13-1-1024x683.jpg"},{"@type":"BreadcrumbList","@id":"https:\/\/auralisliving.com\/es\/contactanos\/#breadcrumb","itemListElement":[{"@type":"ListItem","position":1,"name":"Home","item":"https:\/\/auralisliving.com\/es\/"},{"@type":"ListItem","position":2,"name":"Contacto"}]},{"@type":"WebSite","@id":"https:\/\/auralisliving.com\/es\/#website","url":"https:\/\/auralisliving.com\/es\/","name":"Auralis Living","description":"Your Gardentub supplier in Spain &amp; Portugal","publisher":{"@id":"https:\/\/auralisliving.com\/es\/#organization"},"alternateName":"AL","potentialAction":[{"@type":"SearchAction","target":{"@type":"EntryPoint","urlTemplate":"https:\/\/auralisliving.com\/es\/?s={search_term_string}"},"query-input":{"@type":"PropertyValueSpecification","valueRequired":true,"valueName":"search_term_string"}}],"inLanguage":"es"},{"@type":"Organization","@id":"https:\/\/auralisliving.com\/es\/#organization","name":"Auralis Living","url":"https:\/\/auralisliving.com\/es\/","logo":{"@type":"ImageObject","inLanguage":"es","@id":"https:\/\/auralisliving.com\/es\/#\/schema\/logo\/image\/","url":"https:\/\/auralisliving.com\/wp-content\/uploads\/2025\/06\/SM-LOGO-3.png","contentUrl":"https:\/\/auralisliving.com\/wp-content\/uploads\/2025\/06\/SM-LOGO-3.png","width":1001,"height":1001,"caption":"Auralis Living"},"image":{"@id":"https:\/\/auralisliving.com\/es\/#\/schema\/logo\/image\/"}}]}},"_links":{"self":[{"href":"https:\/\/auralisliving.com\/es\/wp-json\/wp\/v2\/pages\/1900","targetHints":{"allow":["GET"]}}],"collection":[{"href":"https:\/\/auralisliving.com\/es\/wp-json\/wp\/v2\/pages"}],"about":[{"href":"https:\/\/auralisliving.com\/es\/wp-json\/wp\/v2\/types\/page"}],"author":[{"embeddable":true,"href":"https:\/\/auralisliving.com\/es\/wp-json\/wp\/v2\/users\/1"}],"replies":[{"embeddable":true,"href":"https:\/\/auralisliving.com\/es\/wp-json\/wp\/v2\/comments?post=1900"}],"version-history":[{"count":13,"href":"https:\/\/auralisliving.com\/es\/wp-json\/wp\/v2\/pages\/1900\/revisions"}],"predecessor-version":[{"id":4700,"href":"https:\/\/auralisliving.com\/es\/wp-json\/wp\/v2\/pages\/1900\/revisions\/4700"}],"wp:attachment":[{"href":"https:\/\/auralisliving.com\/es\/wp-json\/wp\/v2\/media?parent=1900"}],"curies":[{"name":"wp","href":"https:\/\/api.w.org\/{rel}","templated":true}]}}