{"id":1956,"date":"2025-06-20T11:27:10","date_gmt":"2025-06-20T09:27:10","guid":{"rendered":"https:\/\/auralisliving.com\/garantia\/"},"modified":"2026-02-18T19:45:46","modified_gmt":"2026-02-18T18:45:46","slug":"garantia","status":"publish","type":"page","link":"https:\/\/auralisliving.com\/es\/garantia\/","title":{"rendered":"Garant\u00eda"},"content":{"rendered":"\t\t<div data-elementor-type=\"wp-page\" data-elementor-id=\"1956\" class=\"elementor elementor-1956 elementor-1000\" data-elementor-post-type=\"page\">\n\t\t\t\t\t\t<section class=\"elementor-section elementor-top-section elementor-element elementor-element-5b276ae elementor-section-boxed elementor-section-height-default elementor-section-height-default\" data-id=\"5b276ae\" data-element_type=\"section\" data-e-type=\"section\">\n\t\t\t\t\t\t<div class=\"elementor-container elementor-column-gap-default\">\n\t\t\t\t\t<div class=\"elementor-column elementor-col-100 elementor-top-column elementor-element elementor-element-dd90eac\" data-id=\"dd90eac\" data-element_type=\"column\" data-e-type=\"column\">\n\t\t\t<div class=\"elementor-widget-wrap\">\n\t\t\t\t\t\t\t<\/div>\n\t\t<\/div>\n\t\t\t\t\t<\/div>\n\t\t<\/section>\n\t\t\t\t<section class=\"elementor-section elementor-top-section elementor-element elementor-element-c65f2ae elementor-section-boxed elementor-section-height-default elementor-section-height-default\" data-id=\"c65f2ae\" data-element_type=\"section\" data-e-type=\"section\">\n\t\t\t\t\t\t<div class=\"elementor-container elementor-column-gap-default\">\n\t\t\t\t\t<div class=\"elementor-column elementor-col-100 elementor-top-column elementor-element elementor-element-9c93dde\" data-id=\"9c93dde\" data-element_type=\"column\" data-e-type=\"column\">\n\t\t\t<div class=\"elementor-widget-wrap\">\n\t\t\t\t\t\t\t<\/div>\n\t\t<\/div>\n\t\t\t\t\t<\/div>\n\t\t<\/section>\n\t\t\t\t<section class=\"elementor-section elementor-top-section elementor-element elementor-element-3e61e45 elementor-section-boxed elementor-section-height-default elementor-section-height-default\" data-id=\"3e61e45\" data-element_type=\"section\" data-e-type=\"section\">\n\t\t\t\t\t\t<div class=\"elementor-container elementor-column-gap-default\">\n\t\t\t\t\t<div class=\"elementor-column elementor-col-100 elementor-top-column elementor-element elementor-element-dc1bcee\" data-id=\"dc1bcee\" data-element_type=\"column\" data-e-type=\"column\">\n\t\t\t<div class=\"elementor-widget-wrap elementor-element-populated\">\n\t\t\t\t\t\t<div class=\"elementor-element elementor-element-d7de8be elementor-widget elementor-widget-spacer\" data-id=\"d7de8be\" data-element_type=\"widget\" data-e-type=\"widget\" data-widget_type=\"spacer.default\">\n\t\t\t\t<div class=\"elementor-widget-container\">\n\t\t\t\t\t\t\t<div class=\"elementor-spacer\">\n\t\t\t<div class=\"elementor-spacer-inner\"><\/div>\n\t\t<\/div>\n\t\t\t\t\t\t<\/div>\n\t\t\t\t<\/div>\n\t\t\t\t\t<\/div>\n\t\t<\/div>\n\t\t\t\t\t<\/div>\n\t\t<\/section>\n\t\t\t\t<section class=\"elementor-section elementor-top-section elementor-element elementor-element-88c28d4 elementor-section-boxed elementor-section-height-default elementor-section-height-default\" data-id=\"88c28d4\" data-element_type=\"section\" data-e-type=\"section\">\n\t\t\t\t\t\t<div class=\"elementor-container elementor-column-gap-default\">\n\t\t\t\t\t<div class=\"elementor-column elementor-col-100 elementor-top-column elementor-element elementor-element-57e2d431\" data-id=\"57e2d431\" data-element_type=\"column\" data-e-type=\"column\">\n\t\t\t<div class=\"elementor-widget-wrap elementor-element-populated\">\n\t\t\t\t\t\t<div class=\"elementor-element elementor-element-4923854c elementor-widget elementor-widget-heading\" data-id=\"4923854c\" data-element_type=\"widget\" data-e-type=\"widget\" data-widget_type=\"heading.default\">\n\t\t\t\t<div class=\"elementor-widget-container\">\n\t\t\t\t\t<h2 class=\"elementor-heading-title elementor-size-default\">Garant\u00eda<\/h2>\t\t\t\t<\/div>\n\t\t\t\t<\/div>\n\t\t\t\t<div class=\"elementor-element elementor-element-2068d0c6 elementor-widget elementor-widget-heading\" data-id=\"2068d0c6\" data-element_type=\"widget\" data-e-type=\"widget\" data-widget_type=\"heading.default\">\n\t\t\t\t<div class=\"elementor-widget-container\">\n\t\t\t\t\t<h2 class=\"elementor-heading-title elementor-size-default\">Condiciones de garant\u00eda<\/h2>\t\t\t\t<\/div>\n\t\t\t\t<\/div>\n\t\t\t\t<div class=\"elementor-element elementor-element-6790f975 elementor-widget elementor-widget-text-editor\" data-id=\"6790f975\" data-element_type=\"widget\" data-e-type=\"widget\" data-widget_type=\"text-editor.default\">\n\t\t\t\t<div class=\"elementor-widget-container\">\n\t\t\t\t\t\t\t\t\t<p>Ofrecemos una garant\u00eda de 24 meses para todos los productos Gardentub en condiciones de uso normal. Si se produce un defecto de fabricaci\u00f3n o su producto no cumple con la vida \u00fatil esperada, estamos dispuestos a ayudarle con una reclamaci\u00f3n justificada. <\/p><p>Dependiendo de la situaci\u00f3n, Auralis Living puede decidir:<\/p><ul><li>Reparar el producto sin coste alguno. <\/li><li>Proporcionar un producto o pieza de repuesto. <\/li><li>O reembolsar el precio de compra. <\/li><\/ul>\t\t\t\t\t\t\t\t<\/div>\n\t\t\t\t<\/div>\n\t\t\t\t<div class=\"elementor-element elementor-element-ede9800 elementor-widget elementor-widget-heading\" data-id=\"ede9800\" data-element_type=\"widget\" data-e-type=\"widget\" data-widget_type=\"heading.default\">\n\t\t\t\t<div class=\"elementor-widget-container\">\n\t\t\t\t\t<h2 class=\"elementor-heading-title elementor-size-default\">\u00bfQu\u00e9 entendemos por uso normal?<\/h2>\t\t\t\t<\/div>\n\t\t\t\t<\/div>\n\t\t\t\t<div class=\"elementor-element elementor-element-685d99f elementor-widget elementor-widget-text-editor\" data-id=\"685d99f\" data-element_type=\"widget\" data-e-type=\"widget\" data-widget_type=\"text-editor.default\">\n\t\t\t\t<div class=\"elementor-widget-container\">\n\t\t\t\t\t\t\t\t\t<ul><li>El producto se utiliza para el fin previsto.<\/li><li>Se tiene en cuenta la sensibilidad al jab\u00f3n y al cloro.<\/li><li>En caso de defectos, no manipule el producto usted mismo; p\u00f3ngase en contacto con Auralis Living inmediatamente.<\/li><li>Se evita el da\u00f1o por objetos afilados como clavos o tijeras. <\/li><\/ul><p>Dependiendo de la situaci\u00f3n, Auralis Living puede decidir:<\/p><ul><li>Reparar el producto sin coste alguno. <\/li><li>Proporcionar un producto o pieza de repuesto. <\/li><li>O reembolsar el precio de compra. <\/li><\/ul>\t\t\t\t\t\t\t\t<\/div>\n\t\t\t\t<\/div>\n\t\t\t\t<div class=\"elementor-element elementor-element-e699ca7 elementor-widget elementor-widget-heading\" data-id=\"e699ca7\" data-element_type=\"widget\" data-e-type=\"widget\" data-widget_type=\"heading.default\">\n\t\t\t\t<div class=\"elementor-widget-container\">\n\t\t\t\t\t<h2 class=\"elementor-heading-title elementor-size-default\">Problemas fuera de la garant\u00eda<\/h2>\t\t\t\t<\/div>\n\t\t\t\t<\/div>\n\t\t\t\t<div class=\"elementor-element elementor-element-388706b elementor-widget elementor-widget-text-editor\" data-id=\"388706b\" data-element_type=\"widget\" data-e-type=\"widget\" data-widget_type=\"text-editor.default\">\n\t\t\t\t<div class=\"elementor-widget-container\">\n\t\t\t\t\t\t\t\t\t\u00bfHa expirado el periodo de garant\u00eda o el da\u00f1o se debe a su propio uso (por ejemplo, una ca\u00edda o el uso de productos de limpieza agresivos)? De todas formas, cont\u00e1ctenos. Normalmente es posible realizar reparaciones con un coste adicional o disponemos de piezas de repuesto.\t\t\t\t\t\t\t\t<\/div>\n\t\t\t\t<\/div>\n\t\t\t\t<div class=\"elementor-element elementor-element-dac5413 elementor-widget elementor-widget-heading\" data-id=\"dac5413\" data-element_type=\"widget\" data-e-type=\"widget\" data-widget_type=\"heading.default\">\n\t\t\t\t<div class=\"elementor-widget-container\">\n\t\t\t\t\t<h2 class=\"elementor-heading-title elementor-size-default\">Importante<\/h2>\t\t\t\t<\/div>\n\t\t\t\t<\/div>\n\t\t\t\t<div class=\"elementor-element elementor-element-0519dc4 elementor-widget elementor-widget-text-editor\" data-id=\"0519dc4\" data-element_type=\"widget\" data-e-type=\"widget\" data-widget_type=\"text-editor.default\">\n\t\t\t\t<div class=\"elementor-widget-container\">\n\t\t\t\t\t\t\t\t\tGardentub no es responsable de da\u00f1os directos o indirectos resultantes del uso inadecuado o del incumplimiento de las instrucciones de reparaci\u00f3n.\t\t\t\t\t\t\t\t<\/div>\n\t\t\t\t<\/div>\n\t\t\t\t<div class=\"elementor-element elementor-element-1186ae0 elementor-widget elementor-widget-heading\" data-id=\"1186ae0\" data-element_type=\"widget\" data-e-type=\"widget\" data-widget_type=\"heading.default\">\n\t\t\t\t<div class=\"elementor-widget-container\">\n\t\t\t\t\t<h2 class=\"elementor-heading-title elementor-size-default\">\u00bfC\u00f3mo contactar con nosotras?<\/h2>\t\t\t\t<\/div>\n\t\t\t\t<\/div>\n\t\t\t\t<div class=\"elementor-element elementor-element-e1f19fc elementor-widget elementor-widget-text-editor\" data-id=\"e1f19fc\" data-element_type=\"widget\" data-e-type=\"widget\" data-widget_type=\"text-editor.default\">\n\t\t\t\t<div class=\"elementor-widget-container\">\n\t\t\t\t\t\t\t\t\tSi tiene alg\u00fan problema, puede contactar con nuestro equipo de atenci\u00f3n al cliente mediante este formulario. Recuerde incluir la informaci\u00f3n de su pedido (como el n\u00famero y la direcci\u00f3n) para que podamos ayudarle m\u00e1s r\u00e1pidamente. Si compr\u00f3 el producto a un distribuidor, incluya una copia de su comprobante de compra.<br><br>\u00bfNo ha respondido a su pregunta? \u00a1Cont\u00e1ctenos! Estaremos encantados de ayudarle.\t\t\t\t\t\t\t\t<\/div>\n\t\t\t\t<\/div>\n\t\t\t\t<div class=\"elementor-element elementor-element-2ba1400 elementor-widget elementor-widget-heading\" data-id=\"2ba1400\" data-element_type=\"widget\" data-e-type=\"widget\" data-widget_type=\"heading.default\">\n\t\t\t\t<div class=\"elementor-widget-container\">\n\t\t\t\t\t<h2 class=\"elementor-heading-title elementor-size-default\">Devoluciones<\/h2>\t\t\t\t<\/div>\n\t\t\t\t<\/div>\n\t\t\t\t<div class=\"elementor-element elementor-element-5de5f85 elementor-widget elementor-widget-text-editor\" data-id=\"5de5f85\" data-element_type=\"widget\" data-e-type=\"widget\" data-widget_type=\"text-editor.default\">\n\t\t\t\t<div class=\"elementor-widget-container\">\n\t\t\t\t\t\t\t\t\t<p data-start=\u00ab454\u00bb data-end=\u00ab532\u00bb>Aceptamos devoluciones en un plazo de <strong data-start=\u201c479\u201d data-end=\u00ab490\u00bb>14 d\u00edas<\/strong> a partir de la fecha de entrega. Para que la devoluci\u00f3n sea v\u00e1lida, el art\u00edculo debe estar sin usar, en su estado original y en su embalaje original. Los gastos de env\u00edo correr\u00e1n a cargo del cliente.<\/p>\t\t\t\t\t\t\t\t<\/div>\n\t\t\t\t<\/div>\n\t\t\t\t\t<\/div>\n\t\t<\/div>\n\t\t\t\t\t<\/div>\n\t\t<\/section>\n\t\t\t\t<section class=\"elementor-section elementor-top-section elementor-element elementor-element-bdfcfa3 elementor-section-height-min-height elementor-section-boxed elementor-section-height-default elementor-section-items-middle\" data-id=\"bdfcfa3\" data-element_type=\"section\" data-e-type=\"section\" data-settings=\"{&quot;background_background&quot;:&quot;classic&quot;}\">\n\t\t\t\t\t\t<div class=\"elementor-container elementor-column-gap-default\">\n\t\t\t\t\t<div class=\"elementor-column elementor-col-100 elementor-top-column elementor-element elementor-element-46233b5\" data-id=\"46233b5\" data-element_type=\"column\" data-e-type=\"column\">\n\t\t\t<div class=\"elementor-widget-wrap\">\n\t\t\t\t\t\t\t<\/div>\n\t\t<\/div>\n\t\t\t\t\t<\/div>\n\t\t<\/section>\n\t\t\t\t<\/div>\n\t\t","protected":false},"excerpt":{"rendered":"<p>Garant\u00eda Condiciones de garant\u00eda Ofrecemos una garant\u00eda de 24 meses para todos los productos Gardentub en condiciones de uso normal&#8230;.<\/p>\n","protected":false},"author":1,"featured_media":0,"parent":0,"menu_order":0,"comment_status":"closed","ping_status":"closed","template":"","meta":{"footnotes":""},"class_list":["post-1956","page","type-page","status-publish","hentry"],"yoast_head":"<!-- This site is optimized with the Yoast SEO plugin v27.4 - https:\/\/yoast.com\/product\/yoast-seo-wordpress\/ -->\n<title>Garant\u00eda - Auralis Living<\/title>\n<meta name=\"robots\" content=\"index, follow, max-snippet:-1, max-image-preview:large, max-video-preview:-1\" \/>\n<link rel=\"canonical\" href=\"https:\/\/auralisliving.com\/es\/garantia\/\" \/>\n<meta property=\"og:locale\" content=\"es_ES\" \/>\n<meta property=\"og:type\" content=\"article\" \/>\n<meta property=\"og:title\" content=\"Garant\u00eda - Auralis Living\" \/>\n<meta property=\"og:description\" content=\"Garant\u00eda Condiciones de garant\u00eda Ofrecemos una garant\u00eda de 24 meses para todos los productos Gardentub en condiciones de uso normal....\" \/>\n<meta property=\"og:url\" content=\"https:\/\/auralisliving.com\/es\/garantia\/\" \/>\n<meta property=\"og:site_name\" content=\"Auralis Living\" \/>\n<meta property=\"article:modified_time\" content=\"2026-02-18T18:45:46+00:00\" \/>\n<meta name=\"twitter:card\" content=\"summary_large_image\" \/>\n<meta name=\"twitter:label1\" content=\"Tiempo de lectura\" \/>\n\t<meta name=\"twitter:data1\" content=\"2 minutos\" \/>\n<script type=\"application\/ld+json\" class=\"yoast-schema-graph\">{\"@context\":\"https:\\\/\\\/schema.org\",\"@graph\":[{\"@type\":\"WebPage\",\"@id\":\"https:\\\/\\\/auralisliving.com\\\/es\\\/garantia\\\/\",\"url\":\"https:\\\/\\\/auralisliving.com\\\/es\\\/garantia\\\/\",\"name\":\"Garant\u00eda - Auralis Living\",\"isPartOf\":{\"@id\":\"https:\\\/\\\/auralisliving.com\\\/es\\\/#website\"},\"datePublished\":\"2025-06-20T09:27:10+00:00\",\"dateModified\":\"2026-02-18T18:45:46+00:00\",\"breadcrumb\":{\"@id\":\"https:\\\/\\\/auralisliving.com\\\/es\\\/garantia\\\/#breadcrumb\"},\"inLanguage\":\"es\",\"potentialAction\":[{\"@type\":\"ReadAction\",\"target\":[\"https:\\\/\\\/auralisliving.com\\\/es\\\/garantia\\\/\"]}]},{\"@type\":\"BreadcrumbList\",\"@id\":\"https:\\\/\\\/auralisliving.com\\\/es\\\/garantia\\\/#breadcrumb\",\"itemListElement\":[{\"@type\":\"ListItem\",\"position\":1,\"name\":\"Home\",\"item\":\"https:\\\/\\\/auralisliving.com\\\/es\\\/\"},{\"@type\":\"ListItem\",\"position\":2,\"name\":\"Garant\u00eda\"}]},{\"@type\":\"WebSite\",\"@id\":\"https:\\\/\\\/auralisliving.com\\\/es\\\/#website\",\"url\":\"https:\\\/\\\/auralisliving.com\\\/es\\\/\",\"name\":\"Auralis Living\",\"description\":\"Your Gardentub supplier in Spain &amp; Portugal\",\"publisher\":{\"@id\":\"https:\\\/\\\/auralisliving.com\\\/es\\\/#organization\"},\"alternateName\":\"AL\",\"potentialAction\":[{\"@type\":\"SearchAction\",\"target\":{\"@type\":\"EntryPoint\",\"urlTemplate\":\"https:\\\/\\\/auralisliving.com\\\/es\\\/?s={search_term_string}\"},\"query-input\":{\"@type\":\"PropertyValueSpecification\",\"valueRequired\":true,\"valueName\":\"search_term_string\"}}],\"inLanguage\":\"es\"},{\"@type\":\"Organization\",\"@id\":\"https:\\\/\\\/auralisliving.com\\\/es\\\/#organization\",\"name\":\"Auralis Living\",\"url\":\"https:\\\/\\\/auralisliving.com\\\/es\\\/\",\"logo\":{\"@type\":\"ImageObject\",\"inLanguage\":\"es\",\"@id\":\"https:\\\/\\\/auralisliving.com\\\/es\\\/#\\\/schema\\\/logo\\\/image\\\/\",\"url\":\"https:\\\/\\\/auralisliving.com\\\/wp-content\\\/uploads\\\/2025\\\/06\\\/SM-LOGO-3.png\",\"contentUrl\":\"https:\\\/\\\/auralisliving.com\\\/wp-content\\\/uploads\\\/2025\\\/06\\\/SM-LOGO-3.png\",\"width\":1001,\"height\":1001,\"caption\":\"Auralis Living\"},\"image\":{\"@id\":\"https:\\\/\\\/auralisliving.com\\\/es\\\/#\\\/schema\\\/logo\\\/image\\\/\"}}]}<\/script>\n<!-- \/ Yoast SEO plugin. -->","yoast_head_json":{"title":"Garant\u00eda - Auralis Living","robots":{"index":"index","follow":"follow","max-snippet":"max-snippet:-1","max-image-preview":"max-image-preview:large","max-video-preview":"max-video-preview:-1"},"canonical":"https:\/\/auralisliving.com\/es\/garantia\/","og_locale":"es_ES","og_type":"article","og_title":"Garant\u00eda - Auralis Living","og_description":"Garant\u00eda Condiciones de garant\u00eda Ofrecemos una garant\u00eda de 24 meses para todos los productos Gardentub en condiciones de uso normal....","og_url":"https:\/\/auralisliving.com\/es\/garantia\/","og_site_name":"Auralis Living","article_modified_time":"2026-02-18T18:45:46+00:00","twitter_card":"summary_large_image","twitter_misc":{"Tiempo de lectura":"2 minutos"},"schema":{"@context":"https:\/\/schema.org","@graph":[{"@type":"WebPage","@id":"https:\/\/auralisliving.com\/es\/garantia\/","url":"https:\/\/auralisliving.com\/es\/garantia\/","name":"Garant\u00eda - Auralis Living","isPartOf":{"@id":"https:\/\/auralisliving.com\/es\/#website"},"datePublished":"2025-06-20T09:27:10+00:00","dateModified":"2026-02-18T18:45:46+00:00","breadcrumb":{"@id":"https:\/\/auralisliving.com\/es\/garantia\/#breadcrumb"},"inLanguage":"es","potentialAction":[{"@type":"ReadAction","target":["https:\/\/auralisliving.com\/es\/garantia\/"]}]},{"@type":"BreadcrumbList","@id":"https:\/\/auralisliving.com\/es\/garantia\/#breadcrumb","itemListElement":[{"@type":"ListItem","position":1,"name":"Home","item":"https:\/\/auralisliving.com\/es\/"},{"@type":"ListItem","position":2,"name":"Garant\u00eda"}]},{"@type":"WebSite","@id":"https:\/\/auralisliving.com\/es\/#website","url":"https:\/\/auralisliving.com\/es\/","name":"Auralis Living","description":"Your Gardentub supplier in Spain &amp; Portugal","publisher":{"@id":"https:\/\/auralisliving.com\/es\/#organization"},"alternateName":"AL","potentialAction":[{"@type":"SearchAction","target":{"@type":"EntryPoint","urlTemplate":"https:\/\/auralisliving.com\/es\/?s={search_term_string}"},"query-input":{"@type":"PropertyValueSpecification","valueRequired":true,"valueName":"search_term_string"}}],"inLanguage":"es"},{"@type":"Organization","@id":"https:\/\/auralisliving.com\/es\/#organization","name":"Auralis Living","url":"https:\/\/auralisliving.com\/es\/","logo":{"@type":"ImageObject","inLanguage":"es","@id":"https:\/\/auralisliving.com\/es\/#\/schema\/logo\/image\/","url":"https:\/\/auralisliving.com\/wp-content\/uploads\/2025\/06\/SM-LOGO-3.png","contentUrl":"https:\/\/auralisliving.com\/wp-content\/uploads\/2025\/06\/SM-LOGO-3.png","width":1001,"height":1001,"caption":"Auralis Living"},"image":{"@id":"https:\/\/auralisliving.com\/es\/#\/schema\/logo\/image\/"}}]}},"_links":{"self":[{"href":"https:\/\/auralisliving.com\/es\/wp-json\/wp\/v2\/pages\/1956","targetHints":{"allow":["GET"]}}],"collection":[{"href":"https:\/\/auralisliving.com\/es\/wp-json\/wp\/v2\/pages"}],"about":[{"href":"https:\/\/auralisliving.com\/es\/wp-json\/wp\/v2\/types\/page"}],"author":[{"embeddable":true,"href":"https:\/\/auralisliving.com\/es\/wp-json\/wp\/v2\/users\/1"}],"replies":[{"embeddable":true,"href":"https:\/\/auralisliving.com\/es\/wp-json\/wp\/v2\/comments?post=1956"}],"version-history":[{"count":3,"href":"https:\/\/auralisliving.com\/es\/wp-json\/wp\/v2\/pages\/1956\/revisions"}],"predecessor-version":[{"id":4609,"href":"https:\/\/auralisliving.com\/es\/wp-json\/wp\/v2\/pages\/1956\/revisions\/4609"}],"wp:attachment":[{"href":"https:\/\/auralisliving.com\/es\/wp-json\/wp\/v2\/media?parent=1956"}],"curies":[{"name":"wp","href":"https:\/\/api.w.org\/{rel}","templated":true}]}}