{"id":5018,"date":"2026-03-04T21:29:30","date_gmt":"2026-03-04T20:29:30","guid":{"rendered":"https:\/\/auralisliving.com\/aviso-legal\/"},"modified":"2026-03-05T12:41:07","modified_gmt":"2026-03-05T11:41:07","slug":"aviso-legal","status":"publish","type":"page","link":"https:\/\/auralisliving.com\/es\/aviso-legal\/","title":{"rendered":"Aviso Legal"},"content":{"rendered":"\t\t<div data-elementor-type=\"wp-page\" data-elementor-id=\"5018\" class=\"elementor elementor-5018 elementor-5008\" data-elementor-post-type=\"page\">\n\t\t\t\t\t\t<section class=\"elementor-section elementor-top-section elementor-element elementor-element-0c57e1e elementor-section-boxed elementor-section-height-default elementor-section-height-default\" data-id=\"0c57e1e\" data-element_type=\"section\" data-e-type=\"section\">\n\t\t\t\t\t\t<div class=\"elementor-container elementor-column-gap-default\">\n\t\t\t\t\t<div class=\"elementor-column elementor-col-100 elementor-top-column elementor-element elementor-element-8a19c30\" data-id=\"8a19c30\" data-element_type=\"column\" data-e-type=\"column\">\n\t\t\t<div class=\"elementor-widget-wrap\">\n\t\t\t\t\t\t\t<\/div>\n\t\t<\/div>\n\t\t\t\t\t<\/div>\n\t\t<\/section>\n\t\t\t\t<section class=\"elementor-section elementor-top-section elementor-element elementor-element-79f0c69 elementor-section-boxed elementor-section-height-default elementor-section-height-default\" data-id=\"79f0c69\" data-element_type=\"section\" data-e-type=\"section\">\n\t\t\t\t\t\t<div class=\"elementor-container elementor-column-gap-default\">\n\t\t\t\t\t<div class=\"elementor-column elementor-col-100 elementor-top-column elementor-element elementor-element-e8f0b24\" data-id=\"e8f0b24\" data-element_type=\"column\" data-e-type=\"column\">\n\t\t\t<div class=\"elementor-widget-wrap\">\n\t\t\t\t\t\t\t<\/div>\n\t\t<\/div>\n\t\t\t\t\t<\/div>\n\t\t<\/section>\n\t\t\t\t<section class=\"elementor-section elementor-top-section elementor-element elementor-element-fc999db elementor-section-boxed elementor-section-height-default elementor-section-height-default\" data-id=\"fc999db\" data-element_type=\"section\" data-e-type=\"section\">\n\t\t\t\t\t\t<div class=\"elementor-container elementor-column-gap-default\">\n\t\t\t\t\t<div class=\"elementor-column elementor-col-100 elementor-top-column elementor-element elementor-element-e1a96bc\" data-id=\"e1a96bc\" data-element_type=\"column\" data-e-type=\"column\">\n\t\t\t<div class=\"elementor-widget-wrap elementor-element-populated\">\n\t\t\t\t\t\t<div class=\"elementor-element elementor-element-6610a79 elementor-widget elementor-widget-spacer\" data-id=\"6610a79\" data-element_type=\"widget\" data-e-type=\"widget\" data-widget_type=\"spacer.default\">\n\t\t\t\t<div class=\"elementor-widget-container\">\n\t\t\t\t\t\t\t<div class=\"elementor-spacer\">\n\t\t\t<div class=\"elementor-spacer-inner\"><\/div>\n\t\t<\/div>\n\t\t\t\t\t\t<\/div>\n\t\t\t\t<\/div>\n\t\t\t\t\t<\/div>\n\t\t<\/div>\n\t\t\t\t\t<\/div>\n\t\t<\/section>\n\t\t\t\t<section class=\"elementor-section elementor-top-section elementor-element elementor-element-0d4f0fe elementor-section-boxed elementor-section-height-default elementor-section-height-default\" data-id=\"0d4f0fe\" data-element_type=\"section\" data-e-type=\"section\">\n\t\t\t\t\t\t<div class=\"elementor-container elementor-column-gap-default\">\n\t\t\t\t\t<div class=\"elementor-column elementor-col-100 elementor-top-column elementor-element elementor-element-3caba6f\" data-id=\"3caba6f\" data-element_type=\"column\" data-e-type=\"column\">\n\t\t\t<div class=\"elementor-widget-wrap elementor-element-populated\">\n\t\t\t\t\t\t<div class=\"elementor-element elementor-element-0ef951a elementor-widget elementor-widget-spacer\" data-id=\"0ef951a\" data-element_type=\"widget\" data-e-type=\"widget\" data-widget_type=\"spacer.default\">\n\t\t\t\t<div class=\"elementor-widget-container\">\n\t\t\t\t\t\t\t<div class=\"elementor-spacer\">\n\t\t\t<div class=\"elementor-spacer-inner\"><\/div>\n\t\t<\/div>\n\t\t\t\t\t\t<\/div>\n\t\t\t\t<\/div>\n\t\t\t\t\t<\/div>\n\t\t<\/div>\n\t\t\t\t\t<\/div>\n\t\t<\/section>\n\t\t\t\t<section class=\"elementor-section elementor-top-section elementor-element elementor-element-250da11 elementor-section-boxed elementor-section-height-default elementor-section-height-default\" data-id=\"250da11\" data-element_type=\"section\" data-e-type=\"section\">\n\t\t\t\t\t\t<div class=\"elementor-container elementor-column-gap-default\">\n\t\t\t\t\t<div class=\"elementor-column elementor-col-16 elementor-top-column elementor-element elementor-element-d60d126\" data-id=\"d60d126\" data-element_type=\"column\" data-e-type=\"column\">\n\t\t\t<div class=\"elementor-widget-wrap\">\n\t\t\t\t\t\t\t<\/div>\n\t\t<\/div>\n\t\t\t\t<div class=\"elementor-column elementor-col-66 elementor-top-column elementor-element elementor-element-5f37024\" data-id=\"5f37024\" data-element_type=\"column\" data-e-type=\"column\">\n\t\t\t<div class=\"elementor-widget-wrap elementor-element-populated\">\n\t\t\t\t\t\t<div class=\"elementor-element elementor-element-e8875f8 elementor-widget elementor-widget-heading\" data-id=\"e8875f8\" data-element_type=\"widget\" data-e-type=\"widget\" data-widget_type=\"heading.default\">\n\t\t\t\t<div class=\"elementor-widget-container\">\n\t\t\t\t\t<h2 class=\"elementor-heading-title elementor-size-default\">Aviso Legal<\/h2>\t\t\t\t<\/div>\n\t\t\t\t<\/div>\n\t\t\t\t\t<\/div>\n\t\t<\/div>\n\t\t\t\t<div class=\"elementor-column elementor-col-16 elementor-top-column elementor-element elementor-element-971ede1\" data-id=\"971ede1\" data-element_type=\"column\" data-e-type=\"column\">\n\t\t\t<div class=\"elementor-widget-wrap\">\n\t\t\t\t\t\t\t<\/div>\n\t\t<\/div>\n\t\t\t\t\t<\/div>\n\t\t<\/section>\n\t\t\t\t<section class=\"elementor-section elementor-top-section elementor-element elementor-element-a0b9af7 elementor-section-boxed elementor-section-height-default elementor-section-height-default\" data-id=\"a0b9af7\" data-element_type=\"section\" data-e-type=\"section\">\n\t\t\t\t\t\t<div class=\"elementor-container elementor-column-gap-default\">\n\t\t\t\t\t<div class=\"elementor-column elementor-col-100 elementor-top-column elementor-element elementor-element-ea5d1b7\" data-id=\"ea5d1b7\" data-element_type=\"column\" data-e-type=\"column\">\n\t\t\t<div class=\"elementor-widget-wrap elementor-element-populated\">\n\t\t\t\t\t\t<div class=\"elementor-element elementor-element-c08f38a elementor-widget elementor-widget-spacer\" data-id=\"c08f38a\" data-element_type=\"widget\" data-e-type=\"widget\" data-widget_type=\"spacer.default\">\n\t\t\t\t<div class=\"elementor-widget-container\">\n\t\t\t\t\t\t\t<div class=\"elementor-spacer\">\n\t\t\t<div class=\"elementor-spacer-inner\"><\/div>\n\t\t<\/div>\n\t\t\t\t\t\t<\/div>\n\t\t\t\t<\/div>\n\t\t\t\t\t<\/div>\n\t\t<\/div>\n\t\t\t\t\t<\/div>\n\t\t<\/section>\n\t\t\t\t<section class=\"elementor-section elementor-top-section elementor-element elementor-element-d3982e8 elementor-section-boxed elementor-section-height-default elementor-section-height-default\" data-id=\"d3982e8\" data-element_type=\"section\" data-e-type=\"section\">\n\t\t\t\t\t\t<div class=\"elementor-container elementor-column-gap-default\">\n\t\t\t\t\t<div class=\"elementor-column elementor-col-16 elementor-top-column elementor-element elementor-element-e2644cf\" data-id=\"e2644cf\" data-element_type=\"column\" data-e-type=\"column\">\n\t\t\t<div class=\"elementor-widget-wrap\">\n\t\t\t\t\t\t\t<\/div>\n\t\t<\/div>\n\t\t\t\t<div class=\"elementor-column elementor-col-66 elementor-top-column elementor-element elementor-element-203e8d0\" data-id=\"203e8d0\" data-element_type=\"column\" data-e-type=\"column\">\n\t\t\t<div class=\"elementor-widget-wrap elementor-element-populated\">\n\t\t\t\t\t\t<div class=\"elementor-element elementor-element-63d6618 elementor-widget elementor-widget-text-editor\" data-id=\"63d6618\" data-element_type=\"widget\" data-e-type=\"widget\" data-widget_type=\"text-editor.default\">\n\t\t\t\t<div class=\"elementor-widget-container\">\n\t\t\t\t\t\t\t\t\t<p><strong>Aviso Legal<\/strong><\/p><p>En cumplimiento del art\u00edculo 10 de la Ley 34\/2002, de 11 de julio, de Servicios de la Sociedad de la Informaci\u00f3n y de Comercio Electr\u00f3nico (LSSI-CE), Auralis Living pone a disposici\u00f3n de los usuarios la siguiente informaci\u00f3n:<\/p><p><strong>Datos de identificaci\u00f3n del prestador del servicio:<\/strong><\/p><ul><li>Denominaci\u00f3n social: Auralis Living<\/li><li>NIF\/IVA:<\/li><li>Domicilio social: Paseo del Emperador Ner\u00f3n 6, E2-3A 03570 Villajoyosa, Espa\u00f1a<\/li><li>Tel\u00e9fono: +34 628 214 653Telephone: +34 628 214 653<\/li><li>Correo electr\u00f3nico: info@auralisliving.com<\/li><li>Sitio web: https:\/\/www.auralisliving.com<\/li><\/ul><p><strong>Objeto<\/strong><br>El presente aviso legal regula el uso del sitio web https:\/\/www.auralisliving.es (en adelante, el \u00abSitio Web\u00bb), propiedad de Auralis Living.<\/p><p><strong>Condiciones de Uso<\/strong><br>El usuario se compromete a hacer un uso correcto del Sitio Web de conformidad con las leyes, la buena fe, el orden p\u00fablico y el presente Aviso Legal.<\/p><p><strong>Propiedad Intelectual e Industrial<\/strong><br>Todo el contenido del Sitio Web es propiedad de Auralis Living o de terceros autorizados. Queda prohibida su reproducci\u00f3n sin autorizaci\u00f3n expresa. <\/p><p><strong>Limitaci\u00f3n de Responsabilidad<\/strong><br>Auralis Living no se responsabiliza de los da\u00f1os que puedan derivarse del uso indebido del Sitio Web.<\/p><p><strong>Ley Aplicable y Jurisdicci\u00f3n<\/strong><br>Estos t\u00e9rminos y condiciones se rigen por la legislaci\u00f3n espa\u00f1ola. Para cualquier controversia, las partes se someten a la jurisdicci\u00f3n de los Juzgados y Tribunales de Alicante. <\/p><p>\u00daltima actualizaci\u00f3n: marzo de 2026<\/p>\t\t\t\t\t\t\t\t<\/div>\n\t\t\t\t<\/div>\n\t\t\t\t\t<\/div>\n\t\t<\/div>\n\t\t\t\t<div class=\"elementor-column elementor-col-16 elementor-top-column elementor-element elementor-element-914ab4a\" data-id=\"914ab4a\" data-element_type=\"column\" data-e-type=\"column\">\n\t\t\t<div class=\"elementor-widget-wrap\">\n\t\t\t\t\t\t\t<\/div>\n\t\t<\/div>\n\t\t\t\t\t<\/div>\n\t\t<\/section>\n\t\t\t\t<section class=\"elementor-section elementor-top-section elementor-element elementor-element-2b80dcf elementor-section-boxed elementor-section-height-default elementor-section-height-default\" data-id=\"2b80dcf\" data-element_type=\"section\" data-e-type=\"section\">\n\t\t\t\t\t\t<div class=\"elementor-container elementor-column-gap-default\">\n\t\t\t\t\t<div class=\"elementor-column elementor-col-100 elementor-top-column elementor-element elementor-element-aac7d14\" data-id=\"aac7d14\" data-element_type=\"column\" data-e-type=\"column\">\n\t\t\t<div class=\"elementor-widget-wrap elementor-element-populated\">\n\t\t\t\t\t\t<div class=\"elementor-element elementor-element-e7fc8f4 elementor-widget elementor-widget-spacer\" data-id=\"e7fc8f4\" data-element_type=\"widget\" data-e-type=\"widget\" data-widget_type=\"spacer.default\">\n\t\t\t\t<div class=\"elementor-widget-container\">\n\t\t\t\t\t\t\t<div class=\"elementor-spacer\">\n\t\t\t<div class=\"elementor-spacer-inner\"><\/div>\n\t\t<\/div>\n\t\t\t\t\t\t<\/div>\n\t\t\t\t<\/div>\n\t\t\t\t\t<\/div>\n\t\t<\/div>\n\t\t\t\t\t<\/div>\n\t\t<\/section>\n\t\t\t\t<\/div>\n\t\t","protected":false},"excerpt":{"rendered":"<p>Aviso Legal Aviso Legal En cumplimiento del art\u00edculo 10 de la Ley 34\/2002, de 11 de julio, de Servicios de&#8230;<\/p>\n","protected":false},"author":1,"featured_media":0,"parent":0,"menu_order":0,"comment_status":"closed","ping_status":"closed","template":"","meta":{"footnotes":""},"class_list":["post-5018","page","type-page","status-publish","hentry"],"yoast_head":"<!-- This site is optimized with the Yoast SEO plugin v27.4 - https:\/\/yoast.com\/product\/yoast-seo-wordpress\/ -->\n<title>Aviso Legal - Auralis Living<\/title>\n<meta name=\"robots\" content=\"index, follow, max-snippet:-1, max-image-preview:large, max-video-preview:-1\" \/>\n<link rel=\"canonical\" href=\"https:\/\/auralisliving.com\/es\/aviso-legal\/\" \/>\n<meta property=\"og:locale\" content=\"es_ES\" \/>\n<meta property=\"og:type\" content=\"article\" \/>\n<meta property=\"og:title\" content=\"Aviso Legal - Auralis Living\" \/>\n<meta property=\"og:description\" content=\"Aviso Legal Aviso Legal En cumplimiento del art\u00edculo 10 de la Ley 34\/2002, de 11 de julio, de Servicios de...\" \/>\n<meta property=\"og:url\" content=\"https:\/\/auralisliving.com\/es\/aviso-legal\/\" \/>\n<meta property=\"og:site_name\" content=\"Auralis Living\" \/>\n<meta property=\"article:modified_time\" content=\"2026-03-05T11:41:07+00:00\" \/>\n<meta name=\"twitter:card\" content=\"summary_large_image\" \/>\n<meta name=\"twitter:label1\" content=\"Tiempo de lectura\" \/>\n\t<meta name=\"twitter:data1\" content=\"1 minuto\" \/>\n<script type=\"application\/ld+json\" class=\"yoast-schema-graph\">{\"@context\":\"https:\\\/\\\/schema.org\",\"@graph\":[{\"@type\":\"WebPage\",\"@id\":\"https:\\\/\\\/auralisliving.com\\\/es\\\/aviso-legal\\\/\",\"url\":\"https:\\\/\\\/auralisliving.com\\\/es\\\/aviso-legal\\\/\",\"name\":\"Aviso Legal - Auralis Living\",\"isPartOf\":{\"@id\":\"https:\\\/\\\/auralisliving.com\\\/es\\\/#website\"},\"datePublished\":\"2026-03-04T20:29:30+00:00\",\"dateModified\":\"2026-03-05T11:41:07+00:00\",\"breadcrumb\":{\"@id\":\"https:\\\/\\\/auralisliving.com\\\/es\\\/aviso-legal\\\/#breadcrumb\"},\"inLanguage\":\"es\",\"potentialAction\":[{\"@type\":\"ReadAction\",\"target\":[\"https:\\\/\\\/auralisliving.com\\\/es\\\/aviso-legal\\\/\"]}]},{\"@type\":\"BreadcrumbList\",\"@id\":\"https:\\\/\\\/auralisliving.com\\\/es\\\/aviso-legal\\\/#breadcrumb\",\"itemListElement\":[{\"@type\":\"ListItem\",\"position\":1,\"name\":\"Home\",\"item\":\"https:\\\/\\\/auralisliving.com\\\/es\\\/\"},{\"@type\":\"ListItem\",\"position\":2,\"name\":\"Aviso Legal\"}]},{\"@type\":\"WebSite\",\"@id\":\"https:\\\/\\\/auralisliving.com\\\/es\\\/#website\",\"url\":\"https:\\\/\\\/auralisliving.com\\\/es\\\/\",\"name\":\"Auralis Living\",\"description\":\"Your Gardentub supplier in Spain &amp; Portugal\",\"publisher\":{\"@id\":\"https:\\\/\\\/auralisliving.com\\\/es\\\/#organization\"},\"alternateName\":\"AL\",\"potentialAction\":[{\"@type\":\"SearchAction\",\"target\":{\"@type\":\"EntryPoint\",\"urlTemplate\":\"https:\\\/\\\/auralisliving.com\\\/es\\\/?s={search_term_string}\"},\"query-input\":{\"@type\":\"PropertyValueSpecification\",\"valueRequired\":true,\"valueName\":\"search_term_string\"}}],\"inLanguage\":\"es\"},{\"@type\":\"Organization\",\"@id\":\"https:\\\/\\\/auralisliving.com\\\/es\\\/#organization\",\"name\":\"Auralis Living\",\"url\":\"https:\\\/\\\/auralisliving.com\\\/es\\\/\",\"logo\":{\"@type\":\"ImageObject\",\"inLanguage\":\"es\",\"@id\":\"https:\\\/\\\/auralisliving.com\\\/es\\\/#\\\/schema\\\/logo\\\/image\\\/\",\"url\":\"https:\\\/\\\/auralisliving.com\\\/wp-content\\\/uploads\\\/2025\\\/06\\\/SM-LOGO-3.png\",\"contentUrl\":\"https:\\\/\\\/auralisliving.com\\\/wp-content\\\/uploads\\\/2025\\\/06\\\/SM-LOGO-3.png\",\"width\":1001,\"height\":1001,\"caption\":\"Auralis Living\"},\"image\":{\"@id\":\"https:\\\/\\\/auralisliving.com\\\/es\\\/#\\\/schema\\\/logo\\\/image\\\/\"}}]}<\/script>\n<!-- \/ Yoast SEO plugin. -->","yoast_head_json":{"title":"Aviso Legal - Auralis Living","robots":{"index":"index","follow":"follow","max-snippet":"max-snippet:-1","max-image-preview":"max-image-preview:large","max-video-preview":"max-video-preview:-1"},"canonical":"https:\/\/auralisliving.com\/es\/aviso-legal\/","og_locale":"es_ES","og_type":"article","og_title":"Aviso Legal - Auralis Living","og_description":"Aviso Legal Aviso Legal En cumplimiento del art\u00edculo 10 de la Ley 34\/2002, de 11 de julio, de Servicios de...","og_url":"https:\/\/auralisliving.com\/es\/aviso-legal\/","og_site_name":"Auralis Living","article_modified_time":"2026-03-05T11:41:07+00:00","twitter_card":"summary_large_image","twitter_misc":{"Tiempo de lectura":"1 minuto"},"schema":{"@context":"https:\/\/schema.org","@graph":[{"@type":"WebPage","@id":"https:\/\/auralisliving.com\/es\/aviso-legal\/","url":"https:\/\/auralisliving.com\/es\/aviso-legal\/","name":"Aviso Legal - Auralis Living","isPartOf":{"@id":"https:\/\/auralisliving.com\/es\/#website"},"datePublished":"2026-03-04T20:29:30+00:00","dateModified":"2026-03-05T11:41:07+00:00","breadcrumb":{"@id":"https:\/\/auralisliving.com\/es\/aviso-legal\/#breadcrumb"},"inLanguage":"es","potentialAction":[{"@type":"ReadAction","target":["https:\/\/auralisliving.com\/es\/aviso-legal\/"]}]},{"@type":"BreadcrumbList","@id":"https:\/\/auralisliving.com\/es\/aviso-legal\/#breadcrumb","itemListElement":[{"@type":"ListItem","position":1,"name":"Home","item":"https:\/\/auralisliving.com\/es\/"},{"@type":"ListItem","position":2,"name":"Aviso Legal"}]},{"@type":"WebSite","@id":"https:\/\/auralisliving.com\/es\/#website","url":"https:\/\/auralisliving.com\/es\/","name":"Auralis Living","description":"Your Gardentub supplier in Spain &amp; Portugal","publisher":{"@id":"https:\/\/auralisliving.com\/es\/#organization"},"alternateName":"AL","potentialAction":[{"@type":"SearchAction","target":{"@type":"EntryPoint","urlTemplate":"https:\/\/auralisliving.com\/es\/?s={search_term_string}"},"query-input":{"@type":"PropertyValueSpecification","valueRequired":true,"valueName":"search_term_string"}}],"inLanguage":"es"},{"@type":"Organization","@id":"https:\/\/auralisliving.com\/es\/#organization","name":"Auralis Living","url":"https:\/\/auralisliving.com\/es\/","logo":{"@type":"ImageObject","inLanguage":"es","@id":"https:\/\/auralisliving.com\/es\/#\/schema\/logo\/image\/","url":"https:\/\/auralisliving.com\/wp-content\/uploads\/2025\/06\/SM-LOGO-3.png","contentUrl":"https:\/\/auralisliving.com\/wp-content\/uploads\/2025\/06\/SM-LOGO-3.png","width":1001,"height":1001,"caption":"Auralis Living"},"image":{"@id":"https:\/\/auralisliving.com\/es\/#\/schema\/logo\/image\/"}}]}},"_links":{"self":[{"href":"https:\/\/auralisliving.com\/es\/wp-json\/wp\/v2\/pages\/5018","targetHints":{"allow":["GET"]}}],"collection":[{"href":"https:\/\/auralisliving.com\/es\/wp-json\/wp\/v2\/pages"}],"about":[{"href":"https:\/\/auralisliving.com\/es\/wp-json\/wp\/v2\/types\/page"}],"author":[{"embeddable":true,"href":"https:\/\/auralisliving.com\/es\/wp-json\/wp\/v2\/users\/1"}],"replies":[{"embeddable":true,"href":"https:\/\/auralisliving.com\/es\/wp-json\/wp\/v2\/comments?post=5018"}],"version-history":[{"count":6,"href":"https:\/\/auralisliving.com\/es\/wp-json\/wp\/v2\/pages\/5018\/revisions"}],"predecessor-version":[{"id":5027,"href":"https:\/\/auralisliving.com\/es\/wp-json\/wp\/v2\/pages\/5018\/revisions\/5027"}],"wp:attachment":[{"href":"https:\/\/auralisliving.com\/es\/wp-json\/wp\/v2\/media?parent=5018"}],"curies":[{"name":"wp","href":"https:\/\/api.w.org\/{rel}","templated":true}]}}