{"id":5054,"date":"2026-03-04T22:10:41","date_gmt":"2026-03-04T21:10:41","guid":{"rendered":"https:\/\/auralisliving.com\/politica-de-privacidad\/"},"modified":"2026-03-05T12:46:55","modified_gmt":"2026-03-05T11:46:55","slug":"politica-de-privacidad","status":"publish","type":"page","link":"https:\/\/auralisliving.com\/es\/politica-de-privacidad\/","title":{"rendered":"Pol\u00edtica de privacidad"},"content":{"rendered":"\t\t<div data-elementor-type=\"wp-page\" data-elementor-id=\"5054\" class=\"elementor elementor-5054 elementor-5033\" data-elementor-post-type=\"page\">\n\t\t\t\t\t\t<section class=\"elementor-section elementor-top-section elementor-element elementor-element-0ddf2a3 elementor-section-boxed elementor-section-height-default elementor-section-height-default\" data-id=\"0ddf2a3\" data-element_type=\"section\" data-e-type=\"section\">\n\t\t\t\t\t\t<div class=\"elementor-container elementor-column-gap-default\">\n\t\t\t\t\t<div class=\"elementor-column elementor-col-100 elementor-top-column elementor-element elementor-element-9985349\" data-id=\"9985349\" data-element_type=\"column\" data-e-type=\"column\">\n\t\t\t<div class=\"elementor-widget-wrap\">\n\t\t\t\t\t\t\t<\/div>\n\t\t<\/div>\n\t\t\t\t\t<\/div>\n\t\t<\/section>\n\t\t\t\t<section class=\"elementor-section elementor-top-section elementor-element elementor-element-b00cadc elementor-section-boxed elementor-section-height-default elementor-section-height-default\" data-id=\"b00cadc\" data-element_type=\"section\" data-e-type=\"section\">\n\t\t\t\t\t\t<div class=\"elementor-container elementor-column-gap-default\">\n\t\t\t\t\t<div class=\"elementor-column elementor-col-100 elementor-top-column elementor-element elementor-element-4f2e441\" data-id=\"4f2e441\" data-element_type=\"column\" data-e-type=\"column\">\n\t\t\t<div class=\"elementor-widget-wrap\">\n\t\t\t\t\t\t\t<\/div>\n\t\t<\/div>\n\t\t\t\t\t<\/div>\n\t\t<\/section>\n\t\t\t\t<section class=\"elementor-section elementor-top-section elementor-element elementor-element-bfe2750 elementor-section-boxed elementor-section-height-default elementor-section-height-default\" data-id=\"bfe2750\" data-element_type=\"section\" data-e-type=\"section\">\n\t\t\t\t\t\t<div class=\"elementor-container elementor-column-gap-default\">\n\t\t\t\t\t<div class=\"elementor-column elementor-col-100 elementor-top-column elementor-element elementor-element-100fd79\" data-id=\"100fd79\" data-element_type=\"column\" data-e-type=\"column\">\n\t\t\t<div class=\"elementor-widget-wrap elementor-element-populated\">\n\t\t\t\t\t\t<div class=\"elementor-element elementor-element-f22290b elementor-widget elementor-widget-spacer\" data-id=\"f22290b\" data-element_type=\"widget\" data-e-type=\"widget\" data-widget_type=\"spacer.default\">\n\t\t\t\t<div class=\"elementor-widget-container\">\n\t\t\t\t\t\t\t<div class=\"elementor-spacer\">\n\t\t\t<div class=\"elementor-spacer-inner\"><\/div>\n\t\t<\/div>\n\t\t\t\t\t\t<\/div>\n\t\t\t\t<\/div>\n\t\t\t\t\t<\/div>\n\t\t<\/div>\n\t\t\t\t\t<\/div>\n\t\t<\/section>\n\t\t\t\t<section class=\"elementor-section elementor-top-section elementor-element elementor-element-7d0f265 elementor-section-boxed elementor-section-height-default elementor-section-height-default\" data-id=\"7d0f265\" data-element_type=\"section\" data-e-type=\"section\">\n\t\t\t\t\t\t<div class=\"elementor-container elementor-column-gap-default\">\n\t\t\t\t\t<div class=\"elementor-column elementor-col-100 elementor-top-column elementor-element elementor-element-a80f901\" data-id=\"a80f901\" data-element_type=\"column\" data-e-type=\"column\">\n\t\t\t<div class=\"elementor-widget-wrap elementor-element-populated\">\n\t\t\t\t\t\t<div class=\"elementor-element elementor-element-997dade elementor-widget elementor-widget-spacer\" data-id=\"997dade\" data-element_type=\"widget\" data-e-type=\"widget\" data-widget_type=\"spacer.default\">\n\t\t\t\t<div class=\"elementor-widget-container\">\n\t\t\t\t\t\t\t<div class=\"elementor-spacer\">\n\t\t\t<div class=\"elementor-spacer-inner\"><\/div>\n\t\t<\/div>\n\t\t\t\t\t\t<\/div>\n\t\t\t\t<\/div>\n\t\t\t\t\t<\/div>\n\t\t<\/div>\n\t\t\t\t\t<\/div>\n\t\t<\/section>\n\t\t\t\t<section class=\"elementor-section elementor-top-section elementor-element elementor-element-974aa23 elementor-section-boxed elementor-section-height-default elementor-section-height-default\" data-id=\"974aa23\" data-element_type=\"section\" data-e-type=\"section\">\n\t\t\t\t\t\t<div class=\"elementor-container elementor-column-gap-default\">\n\t\t\t\t\t<div class=\"elementor-column elementor-col-16 elementor-top-column elementor-element elementor-element-8737052\" data-id=\"8737052\" data-element_type=\"column\" data-e-type=\"column\">\n\t\t\t<div class=\"elementor-widget-wrap\">\n\t\t\t\t\t\t\t<\/div>\n\t\t<\/div>\n\t\t\t\t<div class=\"elementor-column elementor-col-66 elementor-top-column elementor-element elementor-element-9b470e1\" data-id=\"9b470e1\" data-element_type=\"column\" data-e-type=\"column\">\n\t\t\t<div class=\"elementor-widget-wrap elementor-element-populated\">\n\t\t\t\t\t\t<div class=\"elementor-element elementor-element-7d153fe elementor-widget elementor-widget-heading\" data-id=\"7d153fe\" data-element_type=\"widget\" data-e-type=\"widget\" data-widget_type=\"heading.default\">\n\t\t\t\t<div class=\"elementor-widget-container\">\n\t\t\t\t\t<h2 class=\"elementor-heading-title elementor-size-default\">Pol\u00edtica de privacidad<\/h2>\t\t\t\t<\/div>\n\t\t\t\t<\/div>\n\t\t\t\t\t<\/div>\n\t\t<\/div>\n\t\t\t\t<div class=\"elementor-column elementor-col-16 elementor-top-column elementor-element elementor-element-b976f44\" data-id=\"b976f44\" data-element_type=\"column\" data-e-type=\"column\">\n\t\t\t<div class=\"elementor-widget-wrap\">\n\t\t\t\t\t\t\t<\/div>\n\t\t<\/div>\n\t\t\t\t\t<\/div>\n\t\t<\/section>\n\t\t\t\t<section class=\"elementor-section elementor-top-section elementor-element elementor-element-866e978 elementor-section-boxed elementor-section-height-default elementor-section-height-default\" data-id=\"866e978\" data-element_type=\"section\" data-e-type=\"section\">\n\t\t\t\t\t\t<div class=\"elementor-container elementor-column-gap-default\">\n\t\t\t\t\t<div class=\"elementor-column elementor-col-100 elementor-top-column elementor-element elementor-element-7e43660\" data-id=\"7e43660\" data-element_type=\"column\" data-e-type=\"column\">\n\t\t\t<div class=\"elementor-widget-wrap elementor-element-populated\">\n\t\t\t\t\t\t<div class=\"elementor-element elementor-element-faf3469 elementor-widget elementor-widget-spacer\" data-id=\"faf3469\" data-element_type=\"widget\" data-e-type=\"widget\" data-widget_type=\"spacer.default\">\n\t\t\t\t<div class=\"elementor-widget-container\">\n\t\t\t\t\t\t\t<div class=\"elementor-spacer\">\n\t\t\t<div class=\"elementor-spacer-inner\"><\/div>\n\t\t<\/div>\n\t\t\t\t\t\t<\/div>\n\t\t\t\t<\/div>\n\t\t\t\t\t<\/div>\n\t\t<\/div>\n\t\t\t\t\t<\/div>\n\t\t<\/section>\n\t\t\t\t<section class=\"elementor-section elementor-top-section elementor-element elementor-element-9db18bd elementor-section-boxed elementor-section-height-default elementor-section-height-default\" data-id=\"9db18bd\" data-element_type=\"section\" data-e-type=\"section\">\n\t\t\t\t\t\t<div class=\"elementor-container elementor-column-gap-default\">\n\t\t\t\t\t<div class=\"elementor-column elementor-col-16 elementor-top-column elementor-element elementor-element-7fc2323\" data-id=\"7fc2323\" data-element_type=\"column\" data-e-type=\"column\">\n\t\t\t<div class=\"elementor-widget-wrap\">\n\t\t\t\t\t\t\t<\/div>\n\t\t<\/div>\n\t\t\t\t<div class=\"elementor-column elementor-col-66 elementor-top-column elementor-element elementor-element-9adefad\" data-id=\"9adefad\" data-element_type=\"column\" data-e-type=\"column\">\n\t\t\t<div class=\"elementor-widget-wrap elementor-element-populated\">\n\t\t\t\t\t\t<div class=\"elementor-element elementor-element-7a246da elementor-widget elementor-widget-text-editor\" data-id=\"7a246da\" data-element_type=\"widget\" data-e-type=\"widget\" data-widget_type=\"text-editor.default\">\n\t\t\t\t<div class=\"elementor-widget-container\">\n\t\t\t\t\t\t\t\t\t<p>Auralis Living (en adelante \u201cel Responsable\u201d) informa a los usuarios del sitio web https:\/\/www.auralisliving.com sobre su pol\u00edtica de privacidad respecto del tratamiento y protecci\u00f3n de los datos personales de los usuarios y clientes que puedan ser recabados mediante la navegaci\u00f3n o contrataci\u00f3n de servicios a trav\u00e9s del Sitio Web.<\/p><p><strong>Identidad del Responsable<br><br><\/strong><\/p><ul><li>Titular: Auralis Living<\/li><li>NIF:<\/li><li>Domicilio: Paseo del Emperador Neron 6, E2-3A 03570 Villajoyosa<\/li><li>Correo electr\u00f3nico: info@auralisliving.com<\/li><li>Sitio web: https:\/\/www.auralisliving.com<\/li><\/ul><p><strong>Principios aplicados<\/strong><br>Principio de licitud, lealtad y transparencia \u2022 Minimizaci\u00f3n de datos \u2022 Limitaci\u00f3n del plazo de conservaci\u00f3n \u2022 Integridad y confidencialidad.<br><br><\/p><p>Obtenci\u00f3n de datos personales<br>Los datos se obtienen cuando:<br><br><\/p><ul><li>Realizas una compra o registro en la tienda WooCommerce<br><br><\/li><li>Rellenas formularios de contacto o suscripci\u00f3n<br><br><\/li><li>Navegas por el sitio (cookies \u2013 ver Pol\u00edtica de Cookies)<br><br><\/li><\/ul><p><strong>Finalidad del tratamiento<\/strong><\/p><ol><li>Gesti\u00f3n de pedidos, facturaci\u00f3n, env\u00edo y atenci\u00f3n al cliente (WooCommerce)<br><br><\/li><li>Env\u00edo de newsletters y ofertas comerciales (solo con consentimiento)<br><br><\/li><li>Mejora de la experiencia y an\u00e1lisis estad\u00edstico<\/li><li>Cumplimiento de obligaciones legales<br><\/li><\/ol><p><strong>An\u00e1lisis estad\u00edstico con Plausible<\/strong><br>Utilizamos Plausible Analytics para comprender mejor c\u00f3mo utilizan los visitantes nuestro sitio web y mejorar la experiencia. Plausible es una herramienta completamente respetuosa con la privacidad: <\/p><ul><li>No utiliza cookies<\/li><li>No recopila ni almacena datos personales (ni siquiera direcciones IP)<\/li><li>Todos los datos son agregados y an\u00f3nimos<\/li><li>Los servidores est\u00e1n ubicados en la UE (Alemania)<br><br><\/li><\/ul><p>Base jur\u00eddica: inter\u00e9s leg\u00edtimo (art. 6.1.f RGPD). <br>Puedes consultar la pol\u00edtica de datos de Plausible aqu\u00ed: https:\/\/plausible.io\/data-policy <br>No compartimos estos datos con terceros. <\/p><p><strong>Legitimaci\u00f3n<\/strong><\/p><ul><li>Ejecuci\u00f3n de un contrato (compras WooCommerce)<\/li><li>Consentimiento del interesado<\/li><li>Inter\u00e9s leg\u00edtimo (seguridad y prevenci\u00f3n de fraude)<\/li><\/ul><p><strong>Conservaci\u00f3n de los datos<\/strong><br>Los datos se conservar\u00e1n mientras se mantenga la relaci\u00f3n contractual o hasta que solicites su supresi\u00f3n. Posteriormente se conservar\u00e1n por el plazo legalmente establecido (5 a\u00f1os para facturaci\u00f3n, 10 a\u00f1os para obligaciones fiscales). <\/p><p>Destinatarios<br>Los datos podr\u00e1n ser comunicados a:<\/p><ul><li>Proveedores de transporte (DHL, Correos, etc.)<\/li><li>Pasarelas de pago (Stripe, PayPal, Redsys)<br><br><\/li><li>Autoridades fiscales y judiciales cuando sea obligatorio<\/li><li>Plausible Analytics (solo datos agregados y an\u00f3nimos, sin transferencia fuera de la UE).<\/li><\/ul><p>Direitos do Utilizador<br>Pode exercer os seguintes direitos gratuitamente:<\/p><ul><li>Acceso<\/li><li>Rectificaci\u00f3n<\/li><li>Supresi\u00f3n<\/li><li>Oposici\u00f3n<\/li><li>Limitaci\u00f3n<\/li><li>Portabilidad.<\/li><\/ul><p>Env\u00eda un email a info@auralisliving.com adjuntando copia de DNI.<\/p><p><strong>Reclamaciones<\/strong><br>Puedes dirigirte a la Agencia Espa\u00f1ola de Protecci\u00f3n de Datos (AEPD) si consideras que el tratamiento no se ajusta a la normativa.<\/p><p><strong>Actualizaciones<\/strong><br>Esta pol\u00edtica puede ser modificada. La versi\u00f3n actualizada se publicar\u00e1 en el Sitio Web. <\/p><p>\u00daltima actualizaci\u00f3n: marzo de 2026<\/p>\t\t\t\t\t\t\t\t<\/div>\n\t\t\t\t<\/div>\n\t\t\t\t\t<\/div>\n\t\t<\/div>\n\t\t\t\t<div class=\"elementor-column elementor-col-16 elementor-top-column elementor-element elementor-element-5761376\" data-id=\"5761376\" data-element_type=\"column\" data-e-type=\"column\">\n\t\t\t<div class=\"elementor-widget-wrap\">\n\t\t\t\t\t\t\t<\/div>\n\t\t<\/div>\n\t\t\t\t\t<\/div>\n\t\t<\/section>\n\t\t\t\t<section class=\"elementor-section elementor-top-section elementor-element elementor-element-f73db0c elementor-section-boxed elementor-section-height-default elementor-section-height-default\" data-id=\"f73db0c\" data-element_type=\"section\" data-e-type=\"section\">\n\t\t\t\t\t\t<div class=\"elementor-container elementor-column-gap-default\">\n\t\t\t\t\t<div class=\"elementor-column elementor-col-100 elementor-top-column elementor-element elementor-element-6602bf8\" data-id=\"6602bf8\" data-element_type=\"column\" data-e-type=\"column\">\n\t\t\t<div class=\"elementor-widget-wrap elementor-element-populated\">\n\t\t\t\t\t\t<div class=\"elementor-element elementor-element-a2dfe96 elementor-widget elementor-widget-spacer\" data-id=\"a2dfe96\" data-element_type=\"widget\" data-e-type=\"widget\" data-widget_type=\"spacer.default\">\n\t\t\t\t<div class=\"elementor-widget-container\">\n\t\t\t\t\t\t\t<div class=\"elementor-spacer\">\n\t\t\t<div class=\"elementor-spacer-inner\"><\/div>\n\t\t<\/div>\n\t\t\t\t\t\t<\/div>\n\t\t\t\t<\/div>\n\t\t\t\t\t<\/div>\n\t\t<\/div>\n\t\t\t\t\t<\/div>\n\t\t<\/section>\n\t\t\t\t<\/div>\n\t\t","protected":false},"excerpt":{"rendered":"<p>Pol\u00edtica de privacidad Auralis Living (en adelante \u201cel Responsable\u201d) informa a los usuarios del sitio web https:\/\/www.auralisliving.com sobre su pol\u00edtica&#8230;<\/p>\n","protected":false},"author":1,"featured_media":0,"parent":0,"menu_order":0,"comment_status":"closed","ping_status":"closed","template":"","meta":{"footnotes":""},"class_list":["post-5054","page","type-page","status-publish","hentry"],"yoast_head":"<!-- This site is optimized with the Yoast SEO plugin v27.4 - https:\/\/yoast.com\/product\/yoast-seo-wordpress\/ -->\n<title>Pol\u00edtica de privacidad - Auralis Living<\/title>\n<meta name=\"robots\" content=\"index, follow, max-snippet:-1, max-image-preview:large, max-video-preview:-1\" \/>\n<link rel=\"canonical\" href=\"https:\/\/auralisliving.com\/es\/politica-de-privacidad\/\" \/>\n<meta property=\"og:locale\" content=\"es_ES\" \/>\n<meta property=\"og:type\" content=\"article\" \/>\n<meta property=\"og:title\" content=\"Pol\u00edtica de privacidad - Auralis Living\" \/>\n<meta property=\"og:description\" content=\"Pol\u00edtica de privacidad Auralis Living (en adelante \u201cel Responsable\u201d) informa a los usuarios del sitio web https:\/\/www.auralisliving.com sobre su pol\u00edtica...\" \/>\n<meta property=\"og:url\" content=\"https:\/\/auralisliving.com\/es\/politica-de-privacidad\/\" \/>\n<meta property=\"og:site_name\" content=\"Auralis Living\" \/>\n<meta property=\"article:modified_time\" content=\"2026-03-05T11:46:55+00:00\" \/>\n<meta name=\"twitter:card\" content=\"summary_large_image\" \/>\n<meta name=\"twitter:label1\" content=\"Tiempo de lectura\" \/>\n\t<meta name=\"twitter:data1\" content=\"2 minutos\" \/>\n<script type=\"application\/ld+json\" class=\"yoast-schema-graph\">{\"@context\":\"https:\\\/\\\/schema.org\",\"@graph\":[{\"@type\":\"WebPage\",\"@id\":\"https:\\\/\\\/auralisliving.com\\\/es\\\/politica-de-privacidad\\\/\",\"url\":\"https:\\\/\\\/auralisliving.com\\\/es\\\/politica-de-privacidad\\\/\",\"name\":\"Pol\u00edtica de privacidad - Auralis Living\",\"isPartOf\":{\"@id\":\"https:\\\/\\\/auralisliving.com\\\/es\\\/#website\"},\"datePublished\":\"2026-03-04T21:10:41+00:00\",\"dateModified\":\"2026-03-05T11:46:55+00:00\",\"breadcrumb\":{\"@id\":\"https:\\\/\\\/auralisliving.com\\\/es\\\/politica-de-privacidad\\\/#breadcrumb\"},\"inLanguage\":\"es\",\"potentialAction\":[{\"@type\":\"ReadAction\",\"target\":[\"https:\\\/\\\/auralisliving.com\\\/es\\\/politica-de-privacidad\\\/\"]}]},{\"@type\":\"BreadcrumbList\",\"@id\":\"https:\\\/\\\/auralisliving.com\\\/es\\\/politica-de-privacidad\\\/#breadcrumb\",\"itemListElement\":[{\"@type\":\"ListItem\",\"position\":1,\"name\":\"Home\",\"item\":\"https:\\\/\\\/auralisliving.com\\\/es\\\/\"},{\"@type\":\"ListItem\",\"position\":2,\"name\":\"Pol\u00edtica de privacidad\"}]},{\"@type\":\"WebSite\",\"@id\":\"https:\\\/\\\/auralisliving.com\\\/es\\\/#website\",\"url\":\"https:\\\/\\\/auralisliving.com\\\/es\\\/\",\"name\":\"Auralis Living\",\"description\":\"Your Gardentub supplier in Spain &amp; Portugal\",\"publisher\":{\"@id\":\"https:\\\/\\\/auralisliving.com\\\/es\\\/#organization\"},\"alternateName\":\"AL\",\"potentialAction\":[{\"@type\":\"SearchAction\",\"target\":{\"@type\":\"EntryPoint\",\"urlTemplate\":\"https:\\\/\\\/auralisliving.com\\\/es\\\/?s={search_term_string}\"},\"query-input\":{\"@type\":\"PropertyValueSpecification\",\"valueRequired\":true,\"valueName\":\"search_term_string\"}}],\"inLanguage\":\"es\"},{\"@type\":\"Organization\",\"@id\":\"https:\\\/\\\/auralisliving.com\\\/es\\\/#organization\",\"name\":\"Auralis Living\",\"url\":\"https:\\\/\\\/auralisliving.com\\\/es\\\/\",\"logo\":{\"@type\":\"ImageObject\",\"inLanguage\":\"es\",\"@id\":\"https:\\\/\\\/auralisliving.com\\\/es\\\/#\\\/schema\\\/logo\\\/image\\\/\",\"url\":\"https:\\\/\\\/auralisliving.com\\\/wp-content\\\/uploads\\\/2025\\\/06\\\/SM-LOGO-3.png\",\"contentUrl\":\"https:\\\/\\\/auralisliving.com\\\/wp-content\\\/uploads\\\/2025\\\/06\\\/SM-LOGO-3.png\",\"width\":1001,\"height\":1001,\"caption\":\"Auralis Living\"},\"image\":{\"@id\":\"https:\\\/\\\/auralisliving.com\\\/es\\\/#\\\/schema\\\/logo\\\/image\\\/\"}}]}<\/script>\n<!-- \/ Yoast SEO plugin. -->","yoast_head_json":{"title":"Pol\u00edtica de privacidad - Auralis Living","robots":{"index":"index","follow":"follow","max-snippet":"max-snippet:-1","max-image-preview":"max-image-preview:large","max-video-preview":"max-video-preview:-1"},"canonical":"https:\/\/auralisliving.com\/es\/politica-de-privacidad\/","og_locale":"es_ES","og_type":"article","og_title":"Pol\u00edtica de privacidad - Auralis Living","og_description":"Pol\u00edtica de privacidad Auralis Living (en adelante \u201cel Responsable\u201d) informa a los usuarios del sitio web https:\/\/www.auralisliving.com sobre su pol\u00edtica...","og_url":"https:\/\/auralisliving.com\/es\/politica-de-privacidad\/","og_site_name":"Auralis Living","article_modified_time":"2026-03-05T11:46:55+00:00","twitter_card":"summary_large_image","twitter_misc":{"Tiempo de lectura":"2 minutos"},"schema":{"@context":"https:\/\/schema.org","@graph":[{"@type":"WebPage","@id":"https:\/\/auralisliving.com\/es\/politica-de-privacidad\/","url":"https:\/\/auralisliving.com\/es\/politica-de-privacidad\/","name":"Pol\u00edtica de privacidad - Auralis Living","isPartOf":{"@id":"https:\/\/auralisliving.com\/es\/#website"},"datePublished":"2026-03-04T21:10:41+00:00","dateModified":"2026-03-05T11:46:55+00:00","breadcrumb":{"@id":"https:\/\/auralisliving.com\/es\/politica-de-privacidad\/#breadcrumb"},"inLanguage":"es","potentialAction":[{"@type":"ReadAction","target":["https:\/\/auralisliving.com\/es\/politica-de-privacidad\/"]}]},{"@type":"BreadcrumbList","@id":"https:\/\/auralisliving.com\/es\/politica-de-privacidad\/#breadcrumb","itemListElement":[{"@type":"ListItem","position":1,"name":"Home","item":"https:\/\/auralisliving.com\/es\/"},{"@type":"ListItem","position":2,"name":"Pol\u00edtica de privacidad"}]},{"@type":"WebSite","@id":"https:\/\/auralisliving.com\/es\/#website","url":"https:\/\/auralisliving.com\/es\/","name":"Auralis Living","description":"Your Gardentub supplier in Spain &amp; Portugal","publisher":{"@id":"https:\/\/auralisliving.com\/es\/#organization"},"alternateName":"AL","potentialAction":[{"@type":"SearchAction","target":{"@type":"EntryPoint","urlTemplate":"https:\/\/auralisliving.com\/es\/?s={search_term_string}"},"query-input":{"@type":"PropertyValueSpecification","valueRequired":true,"valueName":"search_term_string"}}],"inLanguage":"es"},{"@type":"Organization","@id":"https:\/\/auralisliving.com\/es\/#organization","name":"Auralis Living","url":"https:\/\/auralisliving.com\/es\/","logo":{"@type":"ImageObject","inLanguage":"es","@id":"https:\/\/auralisliving.com\/es\/#\/schema\/logo\/image\/","url":"https:\/\/auralisliving.com\/wp-content\/uploads\/2025\/06\/SM-LOGO-3.png","contentUrl":"https:\/\/auralisliving.com\/wp-content\/uploads\/2025\/06\/SM-LOGO-3.png","width":1001,"height":1001,"caption":"Auralis Living"},"image":{"@id":"https:\/\/auralisliving.com\/es\/#\/schema\/logo\/image\/"}}]}},"_links":{"self":[{"href":"https:\/\/auralisliving.com\/es\/wp-json\/wp\/v2\/pages\/5054","targetHints":{"allow":["GET"]}}],"collection":[{"href":"https:\/\/auralisliving.com\/es\/wp-json\/wp\/v2\/pages"}],"about":[{"href":"https:\/\/auralisliving.com\/es\/wp-json\/wp\/v2\/types\/page"}],"author":[{"embeddable":true,"href":"https:\/\/auralisliving.com\/es\/wp-json\/wp\/v2\/users\/1"}],"replies":[{"embeddable":true,"href":"https:\/\/auralisliving.com\/es\/wp-json\/wp\/v2\/comments?post=5054"}],"version-history":[{"count":8,"href":"https:\/\/auralisliving.com\/es\/wp-json\/wp\/v2\/pages\/5054\/revisions"}],"predecessor-version":[{"id":5086,"href":"https:\/\/auralisliving.com\/es\/wp-json\/wp\/v2\/pages\/5054\/revisions\/5086"}],"wp:attachment":[{"href":"https:\/\/auralisliving.com\/es\/wp-json\/wp\/v2\/media?parent=5054"}],"curies":[{"name":"wp","href":"https:\/\/api.w.org\/{rel}","templated":true}]}}