{"id":2090,"date":"2025-06-17T11:09:40","date_gmt":"2025-06-17T11:09:40","guid":{"rendered":"https:\/\/auralisliving.com\/product\/cubrir-con-grifo\/"},"modified":"2026-02-18T18:26:32","modified_gmt":"2026-02-18T17:26:32","slug":"cubrir-con-grifo","status":"publish","type":"product","link":"https:\/\/auralisliving.com\/es\/producto\/cubrir-con-grifo\/","title":{"rendered":"Cubierta Gardentub para grifo"},"content":{"rendered":"<div class=\"product-info__block product-info__block--price\">\n<div class=\"flex flex-wrap items-baseline justify-between\">\n<div class=\"product-info__price text-lg md:text-xl js-product-price\">\n<div class=\"price\">La cubierta Gardentub est\u00e1 fabricada en poli\u00e9ster de alta calidad resistente a la intemperie, lo que prolonga la vida \u00fatil de su Gardentub. La cubierta tiene un hueco especial para el grifo. De esta forma, esta cubierta protege tanto la ba\u00f1era como el grifo.  <\/div>\n<\/div>\n<\/div>\n<\/div>\n<div class=\"product-info__block product-description rte\">\n<p><strong>Especificaciones del producto<\/strong><br \/>\nLongitud: 194 cm.<br \/>\nAncho: 94 cm.<br \/>\nAltura: 14 cm.<br \/>\nPeso: 1,5 kg.<br \/>\nMaterial: 100 % poli\u00e9ster.<br \/>\nColor: antracita (no hay otros colores disponibles).<\/p>\n<\/div>\n","protected":false},"excerpt":{"rendered":"<div class=\"product-info__block product-info__block--price\">\n<div class=\"flex flex-wrap items-baseline justify-between\">\n<div class=\"product-info__price text-lg md:text-xl js-product-price\">\n<div class=\"price\">La cubierta Gardentub est\u00e1 fabricada en poli\u00e9ster de alta calidad resistente a la intemperie, lo que prolonga la vida \u00fatil de su Gardentub. La cubierta tiene un hueco especial para el grifo. De esta forma, esta cubierta protege tanto la ba\u00f1era como el grifo.  <\/div>\n<\/div>\n<\/div>\n<\/div>\n<div class=\"product-info__block product-description rte\">\n<p><strong>Especificaciones del producto<\/strong><br \/>\nLongitud: 194 cm.<br \/>\nAncho: 94 cm.<br \/>\nAltura: 14 cm.<br \/>\nPeso: 1,5 kg.<br \/>\nMaterial: 100 % poli\u00e9ster.<br \/>\nColor: antracita (no hay otros colores disponibles).<\/p>\n<\/div>\n","protected":false},"featured_media":2486,"template":"","meta":[],"product_brand":[],"product_cat":[126,179],"product_tag":[],"class_list":{"0":"post-2090","1":"product","2":"type-product","3":"status-publish","4":"has-post-thumbnail","6":"product_cat-banera-de-jardin","7":"product_cat-cover","8":"product_shipping_class-accesorios","10":"first","11":"instock","12":"taxable","13":"shipping-taxable","14":"purchasable","15":"product-type-variable"},"yoast_head":"<!-- This site is optimized with the Yoast SEO plugin v27.4 - https:\/\/yoast.com\/product\/yoast-seo-wordpress\/ -->\n<title>Cubierta Gardentub para grifo - Auralis Living<\/title>\n<meta name=\"robots\" content=\"index, follow, max-snippet:-1, max-image-preview:large, max-video-preview:-1\" \/>\n<link rel=\"canonical\" href=\"https:\/\/auralisliving.com\/es\/producto\/cubrir-con-grifo\/\" \/>\n<meta property=\"og:locale\" content=\"es_ES\" \/>\n<meta property=\"og:type\" content=\"article\" \/>\n<meta property=\"og:title\" content=\"Cubierta Gardentub para grifo - Auralis Living\" \/>\n<meta property=\"og:description\" content=\"La cubierta Gardentub est\u00e1 fabricada en poli\u00e9ster de alta calidad resistente a la intemperie, lo que prolonga la vida \u00fatil de su Gardentub. La cubierta tiene un hueco especial para el grifo. De esta forma, esta cubierta protege tanto la ba\u00f1era como el grifo.    Especificaciones del producto Longitud: 194 cm. Ancho: 94 cm. Altura: 14 cm. Peso: 1,5 kg. Material: 100 % poli\u00e9ster. Color: antracita (no hay otros colores disponibles).\" \/>\n<meta property=\"og:url\" content=\"https:\/\/auralisliving.com\/es\/producto\/cubrir-con-grifo\/\" \/>\n<meta property=\"og:site_name\" content=\"Auralis Living\" \/>\n<meta property=\"article:modified_time\" content=\"2026-02-18T17:26:32+00:00\" \/>\n<meta property=\"og:image\" content=\"https:\/\/auralisliving.com\/wp-content\/uploads\/2025\/06\/gardentub-cover.webp\" \/>\n\t<meta property=\"og:image:width\" content=\"760\" \/>\n\t<meta property=\"og:image:height\" content=\"760\" \/>\n\t<meta property=\"og:image:type\" content=\"image\/webp\" \/>\n<meta name=\"twitter:card\" content=\"summary_large_image\" \/>\n<meta name=\"twitter:label1\" content=\"Tiempo de lectura\" \/>\n\t<meta name=\"twitter:data1\" content=\"1 minuto\" \/>\n<script type=\"application\/ld+json\" class=\"yoast-schema-graph\">{\"@context\":\"https:\\\/\\\/schema.org\",\"@graph\":[{\"@type\":\"WebPage\",\"@id\":\"https:\\\/\\\/auralisliving.com\\\/es\\\/producto\\\/cubrir-con-grifo\\\/\",\"url\":\"https:\\\/\\\/auralisliving.com\\\/es\\\/producto\\\/cubrir-con-grifo\\\/\",\"name\":\"Cubierta Gardentub para grifo - Auralis Living\",\"isPartOf\":{\"@id\":\"https:\\\/\\\/auralisliving.com\\\/es\\\/#website\"},\"primaryImageOfPage\":{\"@id\":\"https:\\\/\\\/auralisliving.com\\\/es\\\/producto\\\/cubrir-con-grifo\\\/#primaryimage\"},\"image\":{\"@id\":\"https:\\\/\\\/auralisliving.com\\\/es\\\/producto\\\/cubrir-con-grifo\\\/#primaryimage\"},\"thumbnailUrl\":\"https:\\\/\\\/auralisliving.com\\\/wp-content\\\/uploads\\\/2025\\\/06\\\/gardentub-cover.webp\",\"datePublished\":\"2025-06-17T11:09:40+00:00\",\"dateModified\":\"2026-02-18T17:26:32+00:00\",\"breadcrumb\":{\"@id\":\"https:\\\/\\\/auralisliving.com\\\/es\\\/producto\\\/cubrir-con-grifo\\\/#breadcrumb\"},\"inLanguage\":\"es\",\"potentialAction\":[{\"@type\":\"ReadAction\",\"target\":[\"https:\\\/\\\/auralisliving.com\\\/es\\\/producto\\\/cubrir-con-grifo\\\/\"]}]},{\"@type\":\"ImageObject\",\"inLanguage\":\"es\",\"@id\":\"https:\\\/\\\/auralisliving.com\\\/es\\\/producto\\\/cubrir-con-grifo\\\/#primaryimage\",\"url\":\"https:\\\/\\\/auralisliving.com\\\/wp-content\\\/uploads\\\/2025\\\/06\\\/gardentub-cover.webp\",\"contentUrl\":\"https:\\\/\\\/auralisliving.com\\\/wp-content\\\/uploads\\\/2025\\\/06\\\/gardentub-cover.webp\",\"width\":760,\"height\":760,\"caption\":\"Gardentub Protective Cover weatherproof outdoor tub cover - Auralis Living\"},{\"@type\":\"BreadcrumbList\",\"@id\":\"https:\\\/\\\/auralisliving.com\\\/es\\\/producto\\\/cubrir-con-grifo\\\/#breadcrumb\",\"itemListElement\":[{\"@type\":\"ListItem\",\"position\":1,\"name\":\"Home\",\"item\":\"https:\\\/\\\/auralisliving.com\\\/es\\\/\"},{\"@type\":\"ListItem\",\"position\":2,\"name\":\"Tienda\",\"item\":\"https:\\\/\\\/auralisliving.com\\\/es\\\/tienda\\\/\"},{\"@type\":\"ListItem\",\"position\":3,\"name\":\"Cubierta Gardentub para grifo\"}]},{\"@type\":\"WebSite\",\"@id\":\"https:\\\/\\\/auralisliving.com\\\/es\\\/#website\",\"url\":\"https:\\\/\\\/auralisliving.com\\\/es\\\/\",\"name\":\"Auralis Living\",\"description\":\"Your Gardentub supplier in Spain &amp; Portugal\",\"publisher\":{\"@id\":\"https:\\\/\\\/auralisliving.com\\\/es\\\/#organization\"},\"alternateName\":\"AL\",\"potentialAction\":[{\"@type\":\"SearchAction\",\"target\":{\"@type\":\"EntryPoint\",\"urlTemplate\":\"https:\\\/\\\/auralisliving.com\\\/es\\\/?s={search_term_string}\"},\"query-input\":{\"@type\":\"PropertyValueSpecification\",\"valueRequired\":true,\"valueName\":\"search_term_string\"}}],\"inLanguage\":\"es\"},{\"@type\":\"Organization\",\"@id\":\"https:\\\/\\\/auralisliving.com\\\/es\\\/#organization\",\"name\":\"Auralis Living\",\"url\":\"https:\\\/\\\/auralisliving.com\\\/es\\\/\",\"logo\":{\"@type\":\"ImageObject\",\"inLanguage\":\"es\",\"@id\":\"https:\\\/\\\/auralisliving.com\\\/es\\\/#\\\/schema\\\/logo\\\/image\\\/\",\"url\":\"https:\\\/\\\/auralisliving.com\\\/wp-content\\\/uploads\\\/2025\\\/06\\\/SM-LOGO-3.png\",\"contentUrl\":\"https:\\\/\\\/auralisliving.com\\\/wp-content\\\/uploads\\\/2025\\\/06\\\/SM-LOGO-3.png\",\"width\":1001,\"height\":1001,\"caption\":\"Auralis Living\"},\"image\":{\"@id\":\"https:\\\/\\\/auralisliving.com\\\/es\\\/#\\\/schema\\\/logo\\\/image\\\/\"}}]}<\/script>\n<!-- \/ Yoast SEO plugin. -->","yoast_head_json":{"title":"Cubierta Gardentub para grifo - Auralis Living","robots":{"index":"index","follow":"follow","max-snippet":"max-snippet:-1","max-image-preview":"max-image-preview:large","max-video-preview":"max-video-preview:-1"},"canonical":"https:\/\/auralisliving.com\/es\/producto\/cubrir-con-grifo\/","og_locale":"es_ES","og_type":"article","og_title":"Cubierta Gardentub para grifo - Auralis Living","og_description":"La cubierta Gardentub est\u00e1 fabricada en poli\u00e9ster de alta calidad resistente a la intemperie, lo que prolonga la vida \u00fatil de su Gardentub. La cubierta tiene un hueco especial para el grifo. De esta forma, esta cubierta protege tanto la ba\u00f1era como el grifo.    Especificaciones del producto Longitud: 194 cm. Ancho: 94 cm. Altura: 14 cm. Peso: 1,5 kg. Material: 100 % poli\u00e9ster. Color: antracita (no hay otros colores disponibles).","og_url":"https:\/\/auralisliving.com\/es\/producto\/cubrir-con-grifo\/","og_site_name":"Auralis Living","article_modified_time":"2026-02-18T17:26:32+00:00","og_image":[{"width":760,"height":760,"url":"https:\/\/auralisliving.com\/wp-content\/uploads\/2025\/06\/gardentub-cover.webp","type":"image\/webp"}],"twitter_card":"summary_large_image","twitter_misc":{"Tiempo de lectura":"1 minuto"},"schema":{"@context":"https:\/\/schema.org","@graph":[{"@type":"WebPage","@id":"https:\/\/auralisliving.com\/es\/producto\/cubrir-con-grifo\/","url":"https:\/\/auralisliving.com\/es\/producto\/cubrir-con-grifo\/","name":"Cubierta Gardentub para grifo - Auralis Living","isPartOf":{"@id":"https:\/\/auralisliving.com\/es\/#website"},"primaryImageOfPage":{"@id":"https:\/\/auralisliving.com\/es\/producto\/cubrir-con-grifo\/#primaryimage"},"image":{"@id":"https:\/\/auralisliving.com\/es\/producto\/cubrir-con-grifo\/#primaryimage"},"thumbnailUrl":"https:\/\/auralisliving.com\/wp-content\/uploads\/2025\/06\/gardentub-cover.webp","datePublished":"2025-06-17T11:09:40+00:00","dateModified":"2026-02-18T17:26:32+00:00","breadcrumb":{"@id":"https:\/\/auralisliving.com\/es\/producto\/cubrir-con-grifo\/#breadcrumb"},"inLanguage":"es","potentialAction":[{"@type":"ReadAction","target":["https:\/\/auralisliving.com\/es\/producto\/cubrir-con-grifo\/"]}]},{"@type":"ImageObject","inLanguage":"es","@id":"https:\/\/auralisliving.com\/es\/producto\/cubrir-con-grifo\/#primaryimage","url":"https:\/\/auralisliving.com\/wp-content\/uploads\/2025\/06\/gardentub-cover.webp","contentUrl":"https:\/\/auralisliving.com\/wp-content\/uploads\/2025\/06\/gardentub-cover.webp","width":760,"height":760,"caption":"Gardentub Protective Cover weatherproof outdoor tub cover - Auralis Living"},{"@type":"BreadcrumbList","@id":"https:\/\/auralisliving.com\/es\/producto\/cubrir-con-grifo\/#breadcrumb","itemListElement":[{"@type":"ListItem","position":1,"name":"Home","item":"https:\/\/auralisliving.com\/es\/"},{"@type":"ListItem","position":2,"name":"Tienda","item":"https:\/\/auralisliving.com\/es\/tienda\/"},{"@type":"ListItem","position":3,"name":"Cubierta Gardentub para grifo"}]},{"@type":"WebSite","@id":"https:\/\/auralisliving.com\/es\/#website","url":"https:\/\/auralisliving.com\/es\/","name":"Auralis Living","description":"Your Gardentub supplier in Spain &amp; Portugal","publisher":{"@id":"https:\/\/auralisliving.com\/es\/#organization"},"alternateName":"AL","potentialAction":[{"@type":"SearchAction","target":{"@type":"EntryPoint","urlTemplate":"https:\/\/auralisliving.com\/es\/?s={search_term_string}"},"query-input":{"@type":"PropertyValueSpecification","valueRequired":true,"valueName":"search_term_string"}}],"inLanguage":"es"},{"@type":"Organization","@id":"https:\/\/auralisliving.com\/es\/#organization","name":"Auralis Living","url":"https:\/\/auralisliving.com\/es\/","logo":{"@type":"ImageObject","inLanguage":"es","@id":"https:\/\/auralisliving.com\/es\/#\/schema\/logo\/image\/","url":"https:\/\/auralisliving.com\/wp-content\/uploads\/2025\/06\/SM-LOGO-3.png","contentUrl":"https:\/\/auralisliving.com\/wp-content\/uploads\/2025\/06\/SM-LOGO-3.png","width":1001,"height":1001,"caption":"Auralis Living"},"image":{"@id":"https:\/\/auralisliving.com\/es\/#\/schema\/logo\/image\/"}}]}},"_links":{"self":[{"href":"https:\/\/auralisliving.com\/es\/wp-json\/wp\/v2\/product\/2090","targetHints":{"allow":["GET"]}}],"collection":[{"href":"https:\/\/auralisliving.com\/es\/wp-json\/wp\/v2\/product"}],"about":[{"href":"https:\/\/auralisliving.com\/es\/wp-json\/wp\/v2\/types\/product"}],"version-history":[{"count":2,"href":"https:\/\/auralisliving.com\/es\/wp-json\/wp\/v2\/product\/2090\/revisions"}],"predecessor-version":[{"id":4595,"href":"https:\/\/auralisliving.com\/es\/wp-json\/wp\/v2\/product\/2090\/revisions\/4595"}],"wp:featuredmedia":[{"embeddable":true,"href":"https:\/\/auralisliving.com\/es\/wp-json\/wp\/v2\/media\/2486"}],"wp:attachment":[{"href":"https:\/\/auralisliving.com\/es\/wp-json\/wp\/v2\/media?parent=2090"}],"wp:term":[{"taxonomy":"product_brand","embeddable":true,"href":"https:\/\/auralisliving.com\/es\/wp-json\/wp\/v2\/product_brand?post=2090"},{"taxonomy":"product_cat","embeddable":true,"href":"https:\/\/auralisliving.com\/es\/wp-json\/wp\/v2\/product_cat?post=2090"},{"taxonomy":"product_tag","embeddable":true,"href":"https:\/\/auralisliving.com\/es\/wp-json\/wp\/v2\/product_tag?post=2090"}],"curies":[{"name":"wp","href":"https:\/\/api.w.org\/{rel}","templated":true}]}}