{"id":2089,"date":"2025-06-17T11:09:40","date_gmt":"2025-06-17T11:09:40","guid":{"rendered":"https:\/\/auralisliving.com\/product\/cubra-com-torneira\/"},"modified":"2026-02-19T08:23:32","modified_gmt":"2026-02-19T07:23:32","slug":"capa-com-torneira","status":"publish","type":"product","link":"https:\/\/auralisliving.com\/pt-pt\/produto\/capa-com-torneira\/","title":{"rendered":"Tampa para Gardentub com torneira"},"content":{"rendered":"<div class=\"product-info__block product-info__block--price\">\n<div class=\"flex flex-wrap items-baseline justify-between\">\n<div class=\"product-info__price text-lg md:text-xl js-product-price\">\n<div class=\"price\">A cobertura Gardentub \u00e9 feita de poli\u00e9ster de alta qualidade e resistente \u00e0s intemp\u00e9ries, o que prolonga a vida \u00fatil da sua Gardentub.  <\/div>\n<\/div>\n<\/div>\n<\/div>\n<div class=\"product-info__block product-description rte\">\n<p><strong>Especifica\u00e7\u00f5es do produto<\/strong><\/p>\n<p>Comprimento: 194 cm<br \/>\nLargura: 94 cm<br \/>\nAltura: 14 cm<br \/>\nPeso: 1,5 kg<br \/>\nMaterial: 100% poli\u00e9ster<\/p>\n<p>Cor: Antracite &#8211; n\u00e3o h\u00e1 outras cores dispon\u00edveis<\/p>\n<\/div>\n","protected":false},"excerpt":{"rendered":"<div class=\"product-info__block product-info__block--price\">\n<div class=\"flex flex-wrap items-baseline justify-between\">\n<div class=\"product-info__price text-lg md:text-xl js-product-price\">\n<div class=\"price\">A cobertura Gardentub \u00e9 feita de poli\u00e9ster de alta qualidade e resistente \u00e0s intemp\u00e9ries, o que prolonga a vida \u00fatil da sua Gardentub. Desta forma, esta cobertura protege tanto a sua banheira como a torneira. A tampa tem um recesso especial para a torneira.  <\/div>\n<\/div>\n<\/div>\n<\/div>\n<div class=\"product-info__block product-description rte\">\n<p><strong>Especifica\u00e7\u00f5es do produto<\/strong><\/p>\n<p>Comprimento: 194 cm<br \/>\nLargura: 94 cm<br \/>\nAltura: 14 cm<br \/>\nPeso: 1,5 kg<br \/>\nMaterial: 100% poli\u00e9ster<\/p>\n<p>Cor: Antracite &#8211; n\u00e3o h\u00e1 outras cores dispon\u00edveis<\/p>\n<\/div>\n","protected":false},"featured_media":2485,"template":"","meta":[],"product_brand":[],"product_cat":[117,182],"product_tag":[],"class_list":{"0":"post-2089","1":"product","2":"type-product","3":"status-publish","4":"has-post-thumbnail","6":"product_cat-banheira-de-jardim","7":"product_cat-cover","8":"product_shipping_class-acessorios","10":"first","11":"instock","12":"taxable","13":"shipping-taxable","14":"purchasable","15":"product-type-variable"},"yoast_head":"<!-- This site is optimized with the Yoast SEO plugin v27.4 - https:\/\/yoast.com\/product\/yoast-seo-wordpress\/ -->\n<title>Tampa para Gardentub com torneira - Auralis Living<\/title>\n<meta name=\"robots\" content=\"index, follow, max-snippet:-1, max-image-preview:large, max-video-preview:-1\" \/>\n<link rel=\"canonical\" href=\"https:\/\/auralisliving.com\/pt-pt\/produto\/capa-com-torneira\/\" \/>\n<meta property=\"og:locale\" content=\"pt_PT\" \/>\n<meta property=\"og:type\" content=\"article\" \/>\n<meta property=\"og:title\" content=\"Tampa para Gardentub com torneira - Auralis Living\" \/>\n<meta property=\"og:description\" content=\"A cobertura Gardentub \u00e9 feita de poli\u00e9ster de alta qualidade e resistente \u00e0s intemp\u00e9ries, o que prolonga a vida \u00fatil da sua Gardentub. Desta forma, esta cobertura protege tanto a sua banheira como a torneira. A tampa tem um recesso especial para a torneira.    Especifica\u00e7\u00f5es do produto  Comprimento: 194 cm Largura: 94 cm Altura: 14 cm Peso: 1,5 kg Material: 100% poli\u00e9ster  Cor: Antracite - n\u00e3o h\u00e1 outras cores dispon\u00edveis\" \/>\n<meta property=\"og:url\" content=\"https:\/\/auralisliving.com\/pt-pt\/produto\/capa-com-torneira\/\" \/>\n<meta property=\"og:site_name\" content=\"Auralis Living\" \/>\n<meta property=\"article:modified_time\" content=\"2026-02-19T07:23:32+00:00\" \/>\n<meta property=\"og:image\" content=\"https:\/\/auralisliving.com\/wp-content\/uploads\/2025\/06\/gardentub-cover.webp\" \/>\n\t<meta property=\"og:image:width\" content=\"760\" \/>\n\t<meta property=\"og:image:height\" content=\"760\" \/>\n\t<meta property=\"og:image:type\" content=\"image\/webp\" \/>\n<meta name=\"twitter:card\" content=\"summary_large_image\" \/>\n<meta name=\"twitter:label1\" content=\"Tempo estimado de leitura\" \/>\n\t<meta name=\"twitter:data1\" content=\"1 minuto\" \/>\n<script type=\"application\/ld+json\" class=\"yoast-schema-graph\">{\"@context\":\"https:\\\/\\\/schema.org\",\"@graph\":[{\"@type\":\"WebPage\",\"@id\":\"https:\\\/\\\/auralisliving.com\\\/pt-pt\\\/produto\\\/capa-com-torneira\\\/\",\"url\":\"https:\\\/\\\/auralisliving.com\\\/pt-pt\\\/produto\\\/capa-com-torneira\\\/\",\"name\":\"Tampa para Gardentub com torneira - Auralis Living\",\"isPartOf\":{\"@id\":\"https:\\\/\\\/auralisliving.com\\\/pt-pt\\\/#website\"},\"primaryImageOfPage\":{\"@id\":\"https:\\\/\\\/auralisliving.com\\\/pt-pt\\\/produto\\\/capa-com-torneira\\\/#primaryimage\"},\"image\":{\"@id\":\"https:\\\/\\\/auralisliving.com\\\/pt-pt\\\/produto\\\/capa-com-torneira\\\/#primaryimage\"},\"thumbnailUrl\":\"https:\\\/\\\/auralisliving.com\\\/wp-content\\\/uploads\\\/2025\\\/06\\\/gardentub-cover.webp\",\"datePublished\":\"2025-06-17T11:09:40+00:00\",\"dateModified\":\"2026-02-19T07:23:32+00:00\",\"breadcrumb\":{\"@id\":\"https:\\\/\\\/auralisliving.com\\\/pt-pt\\\/produto\\\/capa-com-torneira\\\/#breadcrumb\"},\"inLanguage\":\"pt-PT\",\"potentialAction\":[{\"@type\":\"ReadAction\",\"target\":[\"https:\\\/\\\/auralisliving.com\\\/pt-pt\\\/produto\\\/capa-com-torneira\\\/\"]}]},{\"@type\":\"ImageObject\",\"inLanguage\":\"pt-PT\",\"@id\":\"https:\\\/\\\/auralisliving.com\\\/pt-pt\\\/produto\\\/capa-com-torneira\\\/#primaryimage\",\"url\":\"https:\\\/\\\/auralisliving.com\\\/wp-content\\\/uploads\\\/2025\\\/06\\\/gardentub-cover.webp\",\"contentUrl\":\"https:\\\/\\\/auralisliving.com\\\/wp-content\\\/uploads\\\/2025\\\/06\\\/gardentub-cover.webp\",\"width\":760,\"height\":760,\"caption\":\"Gardentub Protective Cover weatherproof outdoor tub cover - Auralis Living\"},{\"@type\":\"BreadcrumbList\",\"@id\":\"https:\\\/\\\/auralisliving.com\\\/pt-pt\\\/produto\\\/capa-com-torneira\\\/#breadcrumb\",\"itemListElement\":[{\"@type\":\"ListItem\",\"position\":1,\"name\":\"Home\",\"item\":\"https:\\\/\\\/auralisliving.com\\\/pt-pt\\\/\"},{\"@type\":\"ListItem\",\"position\":2,\"name\":\"Loja\",\"item\":\"https:\\\/\\\/auralisliving.com\\\/pt-pt\\\/loja\\\/\"},{\"@type\":\"ListItem\",\"position\":3,\"name\":\"Tampa para Gardentub com torneira\"}]},{\"@type\":\"WebSite\",\"@id\":\"https:\\\/\\\/auralisliving.com\\\/pt-pt\\\/#website\",\"url\":\"https:\\\/\\\/auralisliving.com\\\/pt-pt\\\/\",\"name\":\"Auralis Living\",\"description\":\"Your Gardentub supplier in Spain &amp; Portugal\",\"publisher\":{\"@id\":\"https:\\\/\\\/auralisliving.com\\\/pt-pt\\\/#organization\"},\"alternateName\":\"AL\",\"potentialAction\":[{\"@type\":\"SearchAction\",\"target\":{\"@type\":\"EntryPoint\",\"urlTemplate\":\"https:\\\/\\\/auralisliving.com\\\/pt-pt\\\/?s={search_term_string}\"},\"query-input\":{\"@type\":\"PropertyValueSpecification\",\"valueRequired\":true,\"valueName\":\"search_term_string\"}}],\"inLanguage\":\"pt-PT\"},{\"@type\":\"Organization\",\"@id\":\"https:\\\/\\\/auralisliving.com\\\/pt-pt\\\/#organization\",\"name\":\"Auralis Living\",\"url\":\"https:\\\/\\\/auralisliving.com\\\/pt-pt\\\/\",\"logo\":{\"@type\":\"ImageObject\",\"inLanguage\":\"pt-PT\",\"@id\":\"https:\\\/\\\/auralisliving.com\\\/pt-pt\\\/#\\\/schema\\\/logo\\\/image\\\/\",\"url\":\"https:\\\/\\\/auralisliving.com\\\/wp-content\\\/uploads\\\/2025\\\/06\\\/SM-LOGO-3.png\",\"contentUrl\":\"https:\\\/\\\/auralisliving.com\\\/wp-content\\\/uploads\\\/2025\\\/06\\\/SM-LOGO-3.png\",\"width\":1001,\"height\":1001,\"caption\":\"Auralis Living\"},\"image\":{\"@id\":\"https:\\\/\\\/auralisliving.com\\\/pt-pt\\\/#\\\/schema\\\/logo\\\/image\\\/\"}}]}<\/script>\n<!-- \/ Yoast SEO plugin. -->","yoast_head_json":{"title":"Tampa para Gardentub com torneira - Auralis Living","robots":{"index":"index","follow":"follow","max-snippet":"max-snippet:-1","max-image-preview":"max-image-preview:large","max-video-preview":"max-video-preview:-1"},"canonical":"https:\/\/auralisliving.com\/pt-pt\/produto\/capa-com-torneira\/","og_locale":"pt_PT","og_type":"article","og_title":"Tampa para Gardentub com torneira - Auralis Living","og_description":"A cobertura Gardentub \u00e9 feita de poli\u00e9ster de alta qualidade e resistente \u00e0s intemp\u00e9ries, o que prolonga a vida \u00fatil da sua Gardentub. Desta forma, esta cobertura protege tanto a sua banheira como a torneira. A tampa tem um recesso especial para a torneira.    Especifica\u00e7\u00f5es do produto  Comprimento: 194 cm Largura: 94 cm Altura: 14 cm Peso: 1,5 kg Material: 100% poli\u00e9ster  Cor: Antracite - n\u00e3o h\u00e1 outras cores dispon\u00edveis","og_url":"https:\/\/auralisliving.com\/pt-pt\/produto\/capa-com-torneira\/","og_site_name":"Auralis Living","article_modified_time":"2026-02-19T07:23:32+00:00","og_image":[{"width":760,"height":760,"url":"https:\/\/auralisliving.com\/wp-content\/uploads\/2025\/06\/gardentub-cover.webp","type":"image\/webp"}],"twitter_card":"summary_large_image","twitter_misc":{"Tempo estimado de leitura":"1 minuto"},"schema":{"@context":"https:\/\/schema.org","@graph":[{"@type":"WebPage","@id":"https:\/\/auralisliving.com\/pt-pt\/produto\/capa-com-torneira\/","url":"https:\/\/auralisliving.com\/pt-pt\/produto\/capa-com-torneira\/","name":"Tampa para Gardentub com torneira - Auralis Living","isPartOf":{"@id":"https:\/\/auralisliving.com\/pt-pt\/#website"},"primaryImageOfPage":{"@id":"https:\/\/auralisliving.com\/pt-pt\/produto\/capa-com-torneira\/#primaryimage"},"image":{"@id":"https:\/\/auralisliving.com\/pt-pt\/produto\/capa-com-torneira\/#primaryimage"},"thumbnailUrl":"https:\/\/auralisliving.com\/wp-content\/uploads\/2025\/06\/gardentub-cover.webp","datePublished":"2025-06-17T11:09:40+00:00","dateModified":"2026-02-19T07:23:32+00:00","breadcrumb":{"@id":"https:\/\/auralisliving.com\/pt-pt\/produto\/capa-com-torneira\/#breadcrumb"},"inLanguage":"pt-PT","potentialAction":[{"@type":"ReadAction","target":["https:\/\/auralisliving.com\/pt-pt\/produto\/capa-com-torneira\/"]}]},{"@type":"ImageObject","inLanguage":"pt-PT","@id":"https:\/\/auralisliving.com\/pt-pt\/produto\/capa-com-torneira\/#primaryimage","url":"https:\/\/auralisliving.com\/wp-content\/uploads\/2025\/06\/gardentub-cover.webp","contentUrl":"https:\/\/auralisliving.com\/wp-content\/uploads\/2025\/06\/gardentub-cover.webp","width":760,"height":760,"caption":"Gardentub Protective Cover weatherproof outdoor tub cover - Auralis Living"},{"@type":"BreadcrumbList","@id":"https:\/\/auralisliving.com\/pt-pt\/produto\/capa-com-torneira\/#breadcrumb","itemListElement":[{"@type":"ListItem","position":1,"name":"Home","item":"https:\/\/auralisliving.com\/pt-pt\/"},{"@type":"ListItem","position":2,"name":"Loja","item":"https:\/\/auralisliving.com\/pt-pt\/loja\/"},{"@type":"ListItem","position":3,"name":"Tampa para Gardentub com torneira"}]},{"@type":"WebSite","@id":"https:\/\/auralisliving.com\/pt-pt\/#website","url":"https:\/\/auralisliving.com\/pt-pt\/","name":"Auralis Living","description":"Your Gardentub supplier in Spain &amp; Portugal","publisher":{"@id":"https:\/\/auralisliving.com\/pt-pt\/#organization"},"alternateName":"AL","potentialAction":[{"@type":"SearchAction","target":{"@type":"EntryPoint","urlTemplate":"https:\/\/auralisliving.com\/pt-pt\/?s={search_term_string}"},"query-input":{"@type":"PropertyValueSpecification","valueRequired":true,"valueName":"search_term_string"}}],"inLanguage":"pt-PT"},{"@type":"Organization","@id":"https:\/\/auralisliving.com\/pt-pt\/#organization","name":"Auralis Living","url":"https:\/\/auralisliving.com\/pt-pt\/","logo":{"@type":"ImageObject","inLanguage":"pt-PT","@id":"https:\/\/auralisliving.com\/pt-pt\/#\/schema\/logo\/image\/","url":"https:\/\/auralisliving.com\/wp-content\/uploads\/2025\/06\/SM-LOGO-3.png","contentUrl":"https:\/\/auralisliving.com\/wp-content\/uploads\/2025\/06\/SM-LOGO-3.png","width":1001,"height":1001,"caption":"Auralis Living"},"image":{"@id":"https:\/\/auralisliving.com\/pt-pt\/#\/schema\/logo\/image\/"}}]}},"_links":{"self":[{"href":"https:\/\/auralisliving.com\/pt-pt\/wp-json\/wp\/v2\/product\/2089","targetHints":{"allow":["GET"]}}],"collection":[{"href":"https:\/\/auralisliving.com\/pt-pt\/wp-json\/wp\/v2\/product"}],"about":[{"href":"https:\/\/auralisliving.com\/pt-pt\/wp-json\/wp\/v2\/types\/product"}],"version-history":[{"count":1,"href":"https:\/\/auralisliving.com\/pt-pt\/wp-json\/wp\/v2\/product\/2089\/revisions"}],"predecessor-version":[{"id":4632,"href":"https:\/\/auralisliving.com\/pt-pt\/wp-json\/wp\/v2\/product\/2089\/revisions\/4632"}],"wp:featuredmedia":[{"embeddable":true,"href":"https:\/\/auralisliving.com\/pt-pt\/wp-json\/wp\/v2\/media\/2485"}],"wp:attachment":[{"href":"https:\/\/auralisliving.com\/pt-pt\/wp-json\/wp\/v2\/media?parent=2089"}],"wp:term":[{"taxonomy":"product_brand","embeddable":true,"href":"https:\/\/auralisliving.com\/pt-pt\/wp-json\/wp\/v2\/product_brand?post=2089"},{"taxonomy":"product_cat","embeddable":true,"href":"https:\/\/auralisliving.com\/pt-pt\/wp-json\/wp\/v2\/product_cat?post=2089"},{"taxonomy":"product_tag","embeddable":true,"href":"https:\/\/auralisliving.com\/pt-pt\/wp-json\/wp\/v2\/product_tag?post=2089"}],"curies":[{"name":"wp","href":"https:\/\/api.w.org\/{rel}","templated":true}]}}