{"id":4634,"date":"2025-11-12T13:34:57","date_gmt":"2025-11-12T12:34:57","guid":{"rendered":"https:\/\/auralisliving.com\/product\/gardentub-almofada-de-banho\/"},"modified":"2025-11-12T13:34:57","modified_gmt":"2025-11-12T12:34:57","slug":"gardentub-almofada-de-banho","status":"publish","type":"product","link":"https:\/\/auralisliving.com\/pt-pt\/produto\/gardentub-almofada-de-banho\/","title":{"rendered":"Gardentub almofada de banho"},"content":{"rendered":"<p>Conhe\u00e7a a mais recente novidade da gama Gardentub: a almofada de banho Gardentub, concebida para proporcionar ainda mais conforto durante um relaxante banho ao ar livre. Esta luxuosa almofada prende-se facilmente \u00e0 borda da banheira com um contrapeso, proporcionando um apoio suave e ergon\u00f3mico para a cabe\u00e7a e o pesco\u00e7o. <\/p>\n<p>Al\u00e9m de proporcionar conforto extra, a almofada possui um pr\u00e1tico compartimento para guardar revistas, protetor solar ou outros itens essenciais ao alcance das m\u00e3os. Isso torna cada experi\u00eancia com a Gardentub funcional e, acima de tudo, relaxante. <\/p>\n<p>Especifica\u00e7\u00f5es:<\/p>\n<ul>\n<li>Cor: Cinza pedra<\/li>\n<li>Dimens\u00f5es: 40 x 12 x 24,4 cm<\/li>\n<li>Compartimento de armazenamento externo pr\u00e1tico<\/li>\n<li>Material de secagem r\u00e1pida<\/li>\n<li>Almofada interna facilmente remov\u00edvel com um fecho de correr<\/li>\n<li>Capa lav\u00e1vel para cuidados de higiene<\/li>\n<\/ul>\n<p>Recomendamos secar a almofada sobre o ralo da banheira, para que a \u00e1gua escorra diretamente para o esgoto. N\u00e3o a coloque sobre um radiador de aquecimento central, pois isso pode distorcer a espuma e a forma da almofada. <\/p>\n","protected":false},"excerpt":{"rendered":"<p>A almofada de banho Gardentub pendura-se facilmente na borda da banheira com um contrapeso, proporcionando um apoio suave e ergon\u00f3mico para a cabe\u00e7a e o pesco\u00e7o. A almofada possui um pr\u00e1tico compartimento de armazenamento para guardar revistas, protetor solar ou outros itens essenciais ao alcance da m\u00e3o. Isso torna cada experi\u00eancia Gardentub funcional e, acima de tudo, relaxante.  <\/p>\n","protected":false},"featured_media":4639,"template":"","meta":[],"product_brand":[],"product_cat":[183],"product_tag":[],"class_list":{"0":"post-4634","1":"product","2":"type-product","3":"status-publish","4":"has-post-thumbnail","6":"product_cat-cushion","7":"product_shipping_class-acessorios","9":"first","10":"onbackorder","11":"taxable","12":"shipping-taxable","13":"purchasable","14":"product-type-simple"},"yoast_head":"<!-- This site is optimized with the Yoast SEO plugin v27.4 - https:\/\/yoast.com\/product\/yoast-seo-wordpress\/ -->\n<title>Gardentub almofada de banho - Auralis Living<\/title>\n<meta name=\"robots\" content=\"index, follow, max-snippet:-1, max-image-preview:large, max-video-preview:-1\" \/>\n<link rel=\"canonical\" href=\"https:\/\/auralisliving.com\/pt-pt\/produto\/gardentub-almofada-de-banho\/\" \/>\n<meta property=\"og:locale\" content=\"pt_PT\" \/>\n<meta property=\"og:type\" content=\"article\" \/>\n<meta property=\"og:title\" content=\"Gardentub almofada de banho - Auralis Living\" \/>\n<meta property=\"og:description\" content=\"A almofada de banho Gardentub pendura-se facilmente na borda da banheira com um contrapeso, proporcionando um apoio suave e ergon\u00f3mico para a cabe\u00e7a e o pesco\u00e7o. A almofada possui um pr\u00e1tico compartimento de armazenamento para guardar revistas, protetor solar ou outros itens essenciais ao alcance da m\u00e3o. Isso torna cada experi\u00eancia Gardentub funcional e, acima de tudo, relaxante.\" \/>\n<meta property=\"og:url\" content=\"https:\/\/auralisliving.com\/pt-pt\/produto\/gardentub-almofada-de-banho\/\" \/>\n<meta property=\"og:site_name\" content=\"Auralis Living\" \/>\n<meta property=\"og:image\" content=\"https:\/\/auralisliving.com\/wp-content\/uploads\/2026\/02\/AuralisLiving-whote-Gardentub-with-cushion-on-the-beach.jpg\" \/>\n\t<meta property=\"og:image:width\" content=\"1707\" \/>\n\t<meta property=\"og:image:height\" content=\"2560\" \/>\n\t<meta property=\"og:image:type\" content=\"image\/jpeg\" \/>\n<meta name=\"twitter:card\" content=\"summary_large_image\" \/>\n<meta name=\"twitter:label1\" content=\"Tempo estimado de leitura\" \/>\n\t<meta name=\"twitter:data1\" content=\"1 minuto\" \/>\n<script type=\"application\/ld+json\" class=\"yoast-schema-graph\">{\"@context\":\"https:\\\/\\\/schema.org\",\"@graph\":[{\"@type\":\"WebPage\",\"@id\":\"https:\\\/\\\/auralisliving.com\\\/pt-pt\\\/produto\\\/gardentub-almofada-de-banho\\\/\",\"url\":\"https:\\\/\\\/auralisliving.com\\\/pt-pt\\\/produto\\\/gardentub-almofada-de-banho\\\/\",\"name\":\"Gardentub almofada de banho - Auralis Living\",\"isPartOf\":{\"@id\":\"https:\\\/\\\/auralisliving.com\\\/pt-pt\\\/#website\"},\"primaryImageOfPage\":{\"@id\":\"https:\\\/\\\/auralisliving.com\\\/pt-pt\\\/produto\\\/gardentub-almofada-de-banho\\\/#primaryimage\"},\"image\":{\"@id\":\"https:\\\/\\\/auralisliving.com\\\/pt-pt\\\/produto\\\/gardentub-almofada-de-banho\\\/#primaryimage\"},\"thumbnailUrl\":\"https:\\\/\\\/auralisliving.com\\\/wp-content\\\/uploads\\\/2026\\\/02\\\/AuralisLiving-whote-Gardentub-with-cushion-on-the-beach.jpg\",\"datePublished\":\"2025-11-12T12:34:57+00:00\",\"breadcrumb\":{\"@id\":\"https:\\\/\\\/auralisliving.com\\\/pt-pt\\\/produto\\\/gardentub-almofada-de-banho\\\/#breadcrumb\"},\"inLanguage\":\"pt-PT\",\"potentialAction\":[{\"@type\":\"ReadAction\",\"target\":[\"https:\\\/\\\/auralisliving.com\\\/pt-pt\\\/produto\\\/gardentub-almofada-de-banho\\\/\"]}]},{\"@type\":\"ImageObject\",\"inLanguage\":\"pt-PT\",\"@id\":\"https:\\\/\\\/auralisliving.com\\\/pt-pt\\\/produto\\\/gardentub-almofada-de-banho\\\/#primaryimage\",\"url\":\"https:\\\/\\\/auralisliving.com\\\/wp-content\\\/uploads\\\/2026\\\/02\\\/AuralisLiving-whote-Gardentub-with-cushion-on-the-beach.jpg\",\"contentUrl\":\"https:\\\/\\\/auralisliving.com\\\/wp-content\\\/uploads\\\/2026\\\/02\\\/AuralisLiving-whote-Gardentub-with-cushion-on-the-beach.jpg\",\"width\":1707,\"height\":2560,\"caption\":\"AuralisLiving-whote-Gardentub-with-cushion-on-the-beach.\"},{\"@type\":\"BreadcrumbList\",\"@id\":\"https:\\\/\\\/auralisliving.com\\\/pt-pt\\\/produto\\\/gardentub-almofada-de-banho\\\/#breadcrumb\",\"itemListElement\":[{\"@type\":\"ListItem\",\"position\":1,\"name\":\"Home\",\"item\":\"https:\\\/\\\/auralisliving.com\\\/pt-pt\\\/casa\\\/\"},{\"@type\":\"ListItem\",\"position\":2,\"name\":\"Loja\",\"item\":\"https:\\\/\\\/auralisliving.com\\\/pt-pt\\\/loja\\\/\"},{\"@type\":\"ListItem\",\"position\":3,\"name\":\"Gardentub almofada de banho\"}]},{\"@type\":\"WebSite\",\"@id\":\"https:\\\/\\\/auralisliving.com\\\/pt-pt\\\/#website\",\"url\":\"https:\\\/\\\/auralisliving.com\\\/pt-pt\\\/\",\"name\":\"Auralis Living\",\"description\":\"Your Gardentub supplier in Spain &amp; Portugal\",\"publisher\":{\"@id\":\"https:\\\/\\\/auralisliving.com\\\/pt-pt\\\/#organization\"},\"alternateName\":\"AL\",\"potentialAction\":[{\"@type\":\"SearchAction\",\"target\":{\"@type\":\"EntryPoint\",\"urlTemplate\":\"https:\\\/\\\/auralisliving.com\\\/pt-pt\\\/?s={search_term_string}\"},\"query-input\":{\"@type\":\"PropertyValueSpecification\",\"valueRequired\":true,\"valueName\":\"search_term_string\"}}],\"inLanguage\":\"pt-PT\"},{\"@type\":\"Organization\",\"@id\":\"https:\\\/\\\/auralisliving.com\\\/pt-pt\\\/#organization\",\"name\":\"Auralis Living\",\"url\":\"https:\\\/\\\/auralisliving.com\\\/pt-pt\\\/\",\"logo\":{\"@type\":\"ImageObject\",\"inLanguage\":\"pt-PT\",\"@id\":\"https:\\\/\\\/auralisliving.com\\\/pt-pt\\\/#\\\/schema\\\/logo\\\/image\\\/\",\"url\":\"https:\\\/\\\/auralisliving.com\\\/wp-content\\\/uploads\\\/2025\\\/06\\\/SM-LOGO-3.png\",\"contentUrl\":\"https:\\\/\\\/auralisliving.com\\\/wp-content\\\/uploads\\\/2025\\\/06\\\/SM-LOGO-3.png\",\"width\":1001,\"height\":1001,\"caption\":\"Auralis Living\"},\"image\":{\"@id\":\"https:\\\/\\\/auralisliving.com\\\/pt-pt\\\/#\\\/schema\\\/logo\\\/image\\\/\"}}]}<\/script>\n<!-- \/ Yoast SEO plugin. -->","yoast_head_json":{"title":"Gardentub almofada de banho - Auralis Living","robots":{"index":"index","follow":"follow","max-snippet":"max-snippet:-1","max-image-preview":"max-image-preview:large","max-video-preview":"max-video-preview:-1"},"canonical":"https:\/\/auralisliving.com\/pt-pt\/produto\/gardentub-almofada-de-banho\/","og_locale":"pt_PT","og_type":"article","og_title":"Gardentub almofada de banho - Auralis Living","og_description":"A almofada de banho Gardentub pendura-se facilmente na borda da banheira com um contrapeso, proporcionando um apoio suave e ergon\u00f3mico para a cabe\u00e7a e o pesco\u00e7o. A almofada possui um pr\u00e1tico compartimento de armazenamento para guardar revistas, protetor solar ou outros itens essenciais ao alcance da m\u00e3o. Isso torna cada experi\u00eancia Gardentub funcional e, acima de tudo, relaxante.","og_url":"https:\/\/auralisliving.com\/pt-pt\/produto\/gardentub-almofada-de-banho\/","og_site_name":"Auralis Living","og_image":[{"width":1707,"height":2560,"url":"https:\/\/auralisliving.com\/wp-content\/uploads\/2026\/02\/AuralisLiving-whote-Gardentub-with-cushion-on-the-beach.jpg","type":"image\/jpeg"}],"twitter_card":"summary_large_image","twitter_misc":{"Tempo estimado de leitura":"1 minuto"},"schema":{"@context":"https:\/\/schema.org","@graph":[{"@type":"WebPage","@id":"https:\/\/auralisliving.com\/pt-pt\/produto\/gardentub-almofada-de-banho\/","url":"https:\/\/auralisliving.com\/pt-pt\/produto\/gardentub-almofada-de-banho\/","name":"Gardentub almofada de banho - Auralis Living","isPartOf":{"@id":"https:\/\/auralisliving.com\/pt-pt\/#website"},"primaryImageOfPage":{"@id":"https:\/\/auralisliving.com\/pt-pt\/produto\/gardentub-almofada-de-banho\/#primaryimage"},"image":{"@id":"https:\/\/auralisliving.com\/pt-pt\/produto\/gardentub-almofada-de-banho\/#primaryimage"},"thumbnailUrl":"https:\/\/auralisliving.com\/wp-content\/uploads\/2026\/02\/AuralisLiving-whote-Gardentub-with-cushion-on-the-beach.jpg","datePublished":"2025-11-12T12:34:57+00:00","breadcrumb":{"@id":"https:\/\/auralisliving.com\/pt-pt\/produto\/gardentub-almofada-de-banho\/#breadcrumb"},"inLanguage":"pt-PT","potentialAction":[{"@type":"ReadAction","target":["https:\/\/auralisliving.com\/pt-pt\/produto\/gardentub-almofada-de-banho\/"]}]},{"@type":"ImageObject","inLanguage":"pt-PT","@id":"https:\/\/auralisliving.com\/pt-pt\/produto\/gardentub-almofada-de-banho\/#primaryimage","url":"https:\/\/auralisliving.com\/wp-content\/uploads\/2026\/02\/AuralisLiving-whote-Gardentub-with-cushion-on-the-beach.jpg","contentUrl":"https:\/\/auralisliving.com\/wp-content\/uploads\/2026\/02\/AuralisLiving-whote-Gardentub-with-cushion-on-the-beach.jpg","width":1707,"height":2560,"caption":"AuralisLiving-whote-Gardentub-with-cushion-on-the-beach."},{"@type":"BreadcrumbList","@id":"https:\/\/auralisliving.com\/pt-pt\/produto\/gardentub-almofada-de-banho\/#breadcrumb","itemListElement":[{"@type":"ListItem","position":1,"name":"Home","item":"https:\/\/auralisliving.com\/pt-pt\/casa\/"},{"@type":"ListItem","position":2,"name":"Loja","item":"https:\/\/auralisliving.com\/pt-pt\/loja\/"},{"@type":"ListItem","position":3,"name":"Gardentub almofada de banho"}]},{"@type":"WebSite","@id":"https:\/\/auralisliving.com\/pt-pt\/#website","url":"https:\/\/auralisliving.com\/pt-pt\/","name":"Auralis Living","description":"Your Gardentub supplier in Spain &amp; Portugal","publisher":{"@id":"https:\/\/auralisliving.com\/pt-pt\/#organization"},"alternateName":"AL","potentialAction":[{"@type":"SearchAction","target":{"@type":"EntryPoint","urlTemplate":"https:\/\/auralisliving.com\/pt-pt\/?s={search_term_string}"},"query-input":{"@type":"PropertyValueSpecification","valueRequired":true,"valueName":"search_term_string"}}],"inLanguage":"pt-PT"},{"@type":"Organization","@id":"https:\/\/auralisliving.com\/pt-pt\/#organization","name":"Auralis Living","url":"https:\/\/auralisliving.com\/pt-pt\/","logo":{"@type":"ImageObject","inLanguage":"pt-PT","@id":"https:\/\/auralisliving.com\/pt-pt\/#\/schema\/logo\/image\/","url":"https:\/\/auralisliving.com\/wp-content\/uploads\/2025\/06\/SM-LOGO-3.png","contentUrl":"https:\/\/auralisliving.com\/wp-content\/uploads\/2025\/06\/SM-LOGO-3.png","width":1001,"height":1001,"caption":"Auralis Living"},"image":{"@id":"https:\/\/auralisliving.com\/pt-pt\/#\/schema\/logo\/image\/"}}]}},"_links":{"self":[{"href":"https:\/\/auralisliving.com\/pt-pt\/wp-json\/wp\/v2\/product\/4634","targetHints":{"allow":["GET"]}}],"collection":[{"href":"https:\/\/auralisliving.com\/pt-pt\/wp-json\/wp\/v2\/product"}],"about":[{"href":"https:\/\/auralisliving.com\/pt-pt\/wp-json\/wp\/v2\/types\/product"}],"version-history":[{"count":0,"href":"https:\/\/auralisliving.com\/pt-pt\/wp-json\/wp\/v2\/product\/4634\/revisions"}],"wp:featuredmedia":[{"embeddable":true,"href":"https:\/\/auralisliving.com\/pt-pt\/wp-json\/wp\/v2\/media\/4639"}],"wp:attachment":[{"href":"https:\/\/auralisliving.com\/pt-pt\/wp-json\/wp\/v2\/media?parent=4634"}],"wp:term":[{"taxonomy":"product_brand","embeddable":true,"href":"https:\/\/auralisliving.com\/pt-pt\/wp-json\/wp\/v2\/product_brand?post=4634"},{"taxonomy":"product_cat","embeddable":true,"href":"https:\/\/auralisliving.com\/pt-pt\/wp-json\/wp\/v2\/product_cat?post=4634"},{"taxonomy":"product_tag","embeddable":true,"href":"https:\/\/auralisliving.com\/pt-pt\/wp-json\/wp\/v2\/product_tag?post=4634"}],"curies":[{"name":"wp","href":"https:\/\/api.w.org\/{rel}","templated":true}]}}